{"id":392,"date":"2018-07-26T07:17:24","date_gmt":"2018-07-26T07:17:24","guid":{"rendered":"http:\/\/lmsdemo.loc\/lms-white\/?page_id=392"},"modified":"2024-07-28T11:46:05","modified_gmt":"2024-07-28T10:46:05","slug":"about-us","status":"publish","type":"page","link":"https:\/\/leon-academy.online\/en\/about-us\/","title":{"rendered":"About Us"},"content":{"rendered":"<div class=\"wpb-content-wrapper\"><div class=\"vc_row wpb_row vc_row-fluid vc_custom_1435816078010\">\n\t\t<div class=\"wpb_column vc_column_container vc_col-sm-6\"><div class=\"vc_column-inner\"><div class=\"wpb_wrapper\"><div class=\"vc_custom_heading vc_custom_1712825986912 text_align_left\" ><h2 style=\"text-align: left\" class=\"masterstudy-custom-title\">Welcome to L\u00e9on Academy!<\/h2><\/div>\n\t<div class=\"wpb_text_column wpb_content_element vc_custom_1712824651747\" >\n\t\t<div class=\"wpb_wrapper\">\n\t\t\t<p>La formation en ligne est con\u00e7ue pour les \u00e9tudiants dont les engagements horaires rendraient autrement difficile l&rsquo;inscription \u00e0 un programme d&rsquo;enseignement sup\u00e9rieur \u00e0 temps plein. Offertes pour les cours individuels, les dipl\u00f4mes, les dipl\u00f4mes d\u2019associ\u00e9 et les programmes de certificat, les \u00e9tudes en ligne sont une option pr\u00e9cieuse. La qualification r\u00e9sultante qu&rsquo;un dipl\u00f4m\u00e9 re\u00e7oit apr\u00e8s avoir r\u00e9ussi.<\/p>\n\n\t\t<\/div>\n\t<\/div>\n<div class=\"vc_custom_heading vc_custom_1712825510075 text_align_left\" ><h4 style=\"text-align: left;font-family:Montserrat;font-weight:400;font-style:normal\" class=\"masterstudy-custom-title\">Unordered and ordered lists<\/h4><\/div><style type=\"text\/css\">.module__cfad79648f862dbc72afafec4f78bcb3 {\n    background: !important; color:#555555;\n}\n\n.module__cfad79648f862dbc72afafec4f78bcb3 .icon {\n    width:13px;\n}\n.module__cfad79648f862dbc72afafec4f78bcb3 .icon svg {\n\twidth: 15px;\n\theight: 15px;\n}\n.module__cfad79648f862dbc72afafec4f78bcb3 .icon svg,\n.module__cfad79648f862dbc72afafec4f78bcb3 .icon i {\n    font-size: 15px;\n    color: #eab830 !important;\n}\n.icon_alignment_top_left .module__cfad79648f862dbc72afafec4f78bcb3 {\n    text-align: left;\n}\n.icon_alignment_top_center .module__cfad79648f862dbc72afafec4f78bcb3 {\n    text-align: center;\n    margin-right: auto;\n    margin-left: auto;\n}\n.icon_alignment_top_right .module__cfad79648f862dbc72afafec4f78bcb3 {\n    text-align: right;\n    margin-right: 0;\n    margin-left: auto;\n}\n<\/style>\n\n\t<div class=\"icon_box vc_custom_1712825564477 stm_icon_box_hover_none standart module__cfad79648f862dbc72afafec4f78bcb3 box_align_left clearfix\">\n\t\t<div class=\"icon_alignment_left\">\n\t\t\t\t\t\t\t<div class=\"icon vc_custom_1712825564476\">\n\t\t\t\t\t\t\t\t\t\t\t<i class=\"far fa-fa fa-thumbs-up\"><\/i>\n\t\t\t\t\t\t\t\t\t<\/div>\n\t\t\t\n\t\t\t<div class=\"icon_text\">\n\t\t\t\t\t\t\t\t<p>Cours en ligne avec syst\u00e8mes de r\u00e9duction complets.<\/p>\n\t\t\t<\/div>\n\t\t<\/div> <!-- align icons -->\n\t<\/div>\n\n<style type=\"text\/css\">.module__a5d9b312c9f46a5419b65f24f0774024 {\n    background: !important; color:#555555;\n}\n\n.module__a5d9b312c9f46a5419b65f24f0774024 .icon {\n    width:13px;\n}\n.module__a5d9b312c9f46a5419b65f24f0774024 .icon svg {\n\twidth: 15px;\n\theight: 15px;\n}\n.module__a5d9b312c9f46a5419b65f24f0774024 .icon svg,\n.module__a5d9b312c9f46a5419b65f24f0774024 .icon i {\n    font-size: 15px;\n    color: #eab830 !important;\n}\n.icon_alignment_top_left .module__a5d9b312c9f46a5419b65f24f0774024 {\n    text-align: left;\n}\n.icon_alignment_top_center .module__a5d9b312c9f46a5419b65f24f0774024 {\n    text-align: center;\n    margin-right: auto;\n    margin-left: auto;\n}\n.icon_alignment_top_right .module__a5d9b312c9f46a5419b65f24f0774024 {\n    text-align: right;\n    margin-right: 0;\n    margin-left: auto;\n}\n<\/style>\n\n\t<div class=\"icon_box vc_custom_1712825625783 stm_icon_box_hover_none standart module__a5d9b312c9f46a5419b65f24f0774024 box_align_left clearfix\">\n\t\t<div class=\"icon_alignment_left\">\n\t\t\t\t\t\t\t<div class=\"icon vc_custom_1712825625782\">\n\t\t\t\t\t\t\t\t\t\t\t<i class=\"far fa-fa fa-thumbs-up\"><\/i>\n\t\t\t\t\t\t\t\t\t<\/div>\n\t\t\t\n\t\t\t<div class=\"icon_text\">\n\t\t\t\t\t\t\t\t<p>Certificats en ligne accept\u00e9s dans le monde entier.<\/p>\n\t\t\t<\/div>\n\t\t<\/div> <!-- align icons -->\n\t<\/div>\n\n<style type=\"text\/css\">.module__d349d0089411fbd43fc215a20d3763ab {\n    background: !important; color:#555555;\n}\n\n.module__d349d0089411fbd43fc215a20d3763ab .icon {\n    width:13px;\n}\n.module__d349d0089411fbd43fc215a20d3763ab .icon svg {\n\twidth: 15px;\n\theight: 15px;\n}\n.module__d349d0089411fbd43fc215a20d3763ab .icon svg,\n.module__d349d0089411fbd43fc215a20d3763ab .icon i {\n    font-size: 15px;\n    color: #eab830 !important;\n}\n.icon_alignment_top_left .module__d349d0089411fbd43fc215a20d3763ab {\n    text-align: left;\n}\n.icon_alignment_top_center .module__d349d0089411fbd43fc215a20d3763ab {\n    text-align: center;\n    margin-right: auto;\n    margin-left: auto;\n}\n.icon_alignment_top_right .module__d349d0089411fbd43fc215a20d3763ab {\n    text-align: right;\n    margin-right: 0;\n    margin-left: auto;\n}\n<\/style>\n\n\t<div class=\"icon_box vc_custom_1712825676912 stm_icon_box_hover_none standart module__d349d0089411fbd43fc215a20d3763ab box_align_left clearfix\">\n\t\t<div class=\"icon_alignment_left\">\n\t\t\t\t\t\t\t<div class=\"icon vc_custom_1712825676911\">\n\t\t\t\t\t\t\t\t\t\t\t<i class=\"far fa-fa fa-thumbs-up\"><\/i>\n\t\t\t\t\t\t\t\t\t<\/div>\n\t\t\t\n\t\t\t<div class=\"icon_text\">\n\t\t\t\t\t\t\t\t<p>Un programme de d\u00e9veloppement du leadership en ligne chez L\u00e9on Academy.<\/p>\n\t\t\t<\/div>\n\t\t<\/div> <!-- align icons -->\n\t<\/div>\n\n\n\t<div  class=\"wpb_single_image wpb_content_element vc_align_left wpb_content_element vc_custom_1532594558060\">\n\t\t\n\t\t<figure class=\"wpb_wrapper vc_figure\">\n\t\t\t<div class=\"vc_single_image-wrapper   vc_box_border_grey\"><img loading=\"lazy\" decoding=\"async\" srcset=\"https:\/\/leon-academy.online\/wp-content\/uploads\/2018\/05\/course_image-1140x616.jpg 2x\" class=\"vc_single_image-img\" src=\"https:\/\/leon-academy.online\/wp-content\/uploads\/2018\/05\/course_image-570x308.jpg\" width=\"570\" height=\"308\" alt=\"course_image\" title=\"course_image\" \/><\/div>\n\t\t<\/figure>\n\t<\/div>\n<\/div><\/div><\/div><div class=\"wpb_column vc_column_container vc_col-sm-6\"><div class=\"vc_column-inner\"><div class=\"wpb_wrapper\">\n\t<div  class=\"wpb_single_image wpb_content_element vc_align_left wpb_content_element vc_custom_1722096718537\">\n\t\t\n\t\t<figure class=\"wpb_wrapper vc_figure\">\n\t\t\t<div class=\"vc_single_image-wrapper   vc_box_border_grey\"><img loading=\"lazy\" decoding=\"async\" class=\"vc_single_image-img\" src=\"https:\/\/leon-academy.online\/wp-content\/uploads\/2024\/07\/WhatsApp-Image-2024-07-27-a-17.10.13_e84bab52-570x350.jpg\" width=\"570\" height=\"350\" alt=\"WhatsApp Image 2024-07-27 \u00e0 17.10.13_e84bab52\" title=\"WhatsApp Image 2024-07-27 \u00e0 17.10.13_e84bab52\" \/><\/div>\n\t\t<\/figure>\n\t<\/div>\n<div class=\"vc_tta-container\" data-vc-action=\"collapse\"><div class=\"vc_general vc_tta vc_tta-tabs vc_tta-color-grey vc_tta-style-classic vc_tta-shape-rounded vc_tta-spacing-1 vc_tta-tabs-position-top vc_tta-controls-align-left\"><div class=\"vc_tta-tabs-container\"><ul class=\"vc_tta-tabs-list\"><li class=\"vc_tta-tab vc_active\" data-vc-tab><a href=\"#1532604609823-e6c605b3-04c5\" data-vc-tabs data-vc-container=\".vc_tta\"><span class=\"vc_tta-title-text\">SKILLS<\/span><\/a><\/li><li class=\"vc_tta-tab\" data-vc-tab><a href=\"#1532604609845-4edaaecf-303f\" data-vc-tabs data-vc-container=\".vc_tta\"><span class=\"vc_tta-title-text\">Contactez Nous<\/span><\/a><\/li><\/ul><\/div><div class=\"vc_tta-panels-container\"><div class=\"vc_tta-panels\"><div class=\"vc_tta-panel vc_active\" id=\"1532604609823-e6c605b3-04c5\" data-vc-content=\".vc_tta-panel-body\"><div class=\"vc_tta-panel-heading\"><h4 class=\"vc_tta-panel-title\"><a href=\"#1532604609823-e6c605b3-04c5\" data-vc-accordion data-vc-container=\".vc_tta-container\"><span class=\"vc_tta-title-text\">SKILLS<\/span><\/a><\/h4><\/div><div class=\"vc_tta-panel-body\">\n\t<div class=\"wpb_text_column wpb_content_element\" >\n\t\t<div class=\"wpb_wrapper\">\n\t\t\t<h3>Cours de certificat professionnel (en ligne)<\/h3>\n<ul>\n<li>Online certificates can be earned in a range of specialist areas.<\/li>\n<li>Les dipl\u00f4mes en ligne sont d\u00e9livr\u00e9s pour une \u00e0 deux ann\u00e9es d&rsquo;\u00e9tudes avec notre centre de formation.<\/li>\n<li>Les programmes d&rsquo;ann\u00e9e pr\u00e9paratoire en ligne sont une opportunit\u00e9 pour les \u00e9tudiants.<\/li>\n<li>Les cours en ligne sont un excellent moyen d&rsquo;acqu\u00e9rir des qualifications.<\/li>\n<\/ul>\n\n\t\t<\/div>\n\t<\/div>\n<\/div><\/div><div class=\"vc_tta-panel\" id=\"1532604609845-4edaaecf-303f\" data-vc-content=\".vc_tta-panel-body\"><div class=\"vc_tta-panel-heading\"><h4 class=\"vc_tta-panel-title\"><a href=\"#1532604609845-4edaaecf-303f\" data-vc-accordion data-vc-container=\".vc_tta-container\"><span class=\"vc_tta-title-text\">Contactez Nous<\/span><\/a><\/h4><\/div><div class=\"vc_tta-panel-body\">\n<div class=\"wpcf7 no-js\" id=\"wpcf7-f403-o1\" lang=\"en-US\" dir=\"ltr\" data-wpcf7-id=\"403\">\n<div class=\"screen-reader-response\"><p role=\"status\" aria-live=\"polite\" aria-atomic=\"true\"><\/p> <ul><\/ul><\/div>\n<form action=\"\/wp-json\/wp\/v2\/pages\/392\" method=\"post\" class=\"wpcf7-form init\" aria-label=\"Contact form\" novalidate=\"novalidate\" data-status=\"init\" data-trp-original-action=\"\/en\/wp-json\/wp\/v2\/pages\/392#wpcf7-f403-o1\">\n<div style=\"display: none;\">\n<input type=\"hidden\" name=\"_wpcf7\" value=\"403\" \/>\n<input type=\"hidden\" name=\"_wpcf7_version\" value=\"6.0\" \/>\n<input type=\"hidden\" name=\"_wpcf7_locale\" value=\"en_US\" \/>\n<input type=\"hidden\" name=\"_wpcf7_unit_tag\" value=\"wpcf7-f403-o1\" \/>\n<input type=\"hidden\" name=\"_wpcf7_container_post\" value=\"0\" \/>\n<input type=\"hidden\" name=\"_wpcf7_posted_data_hash\" value=\"\" \/>\n<\/div>\n<div class=\"row\">\n\t<div class=\"col-xs-12 col-sm-6 col-md-6 col-lg-6\">\n\t\t<div class=\"form-group\">\n\t\t\t<p><span class=\"wpcf7-form-control-wrap\" data-name=\"name\"><input size=\"40\" maxlength=\"400\" class=\"wpcf7-form-control wpcf7-text wpcf7-validates-as-required form-control\" aria-required=\"true\" aria-invalid=\"false\" placeholder=\"Your Name\" value=\"\" type=\"text\" name=\"name\" \/><\/span>\n\t\t\t<\/p>\n\t\t<\/div>\n\t<\/div>\n\t<div class=\"col-xs-12 col-sm-6 col-md-6 col-lg-6\">\n\t\t<div class=\"form-group\">\n\t\t\t<p><span class=\"wpcf7-form-control-wrap\" data-name=\"email\"><input size=\"40\" maxlength=\"400\" class=\"wpcf7-form-control wpcf7-email wpcf7-validates-as-required wpcf7-text wpcf7-validates-as-email form-control\" aria-required=\"true\" aria-invalid=\"false\" placeholder=\"Your Email\" value=\"\" type=\"email\" name=\"email\" \/><\/span>\n\t\t\t<\/p>\n\t\t<\/div>\n\t<\/div>\n<\/div>\n<div class=\"row\">\n\t<div class=\"col-xs-12 col-sm-12 col-md-12 col-lg-12\">\n\t\t<div class=\"form-group\">\n\t\t\t<p><span class=\"wpcf7-form-control-wrap\" data-name=\"message\"><textarea cols=\"40\" rows=\"9\" maxlength=\"2000\" class=\"wpcf7-form-control wpcf7-textarea wpcf7-validates-as-required form-control\" aria-required=\"true\" aria-invalid=\"false\" name=\"message\"><\/textarea><\/span>\n\t\t\t<\/p>\n\t\t<\/div>\n\t<\/div>\n<\/div>\n<div class=\"row\">\n\t<div class=\"col-xs-12 col-sm-12 col-md-12 col-lg-12\">\n\t\t<p>[stmgdpr \"J'accepte le stockage et le traitement de mes donn\u00e9es par ce site Web.\"]\n\t\t<\/p>\n\t\t<p><input class=\"wpcf7-form-control wpcf7-submit has-spinner btn btn-default\" type=\"submit\" value=\"Submit\" \/>\n\t\t<\/p>\n\t<\/div>\n<\/div><p style=\"display: none !important;\" class=\"akismet-fields-container\" data-prefix=\"_wpcf7_ak_\"><label>&#916;<textarea name=\"_wpcf7_ak_hp_textarea\" cols=\"45\" rows=\"8\" maxlength=\"100\"><\/textarea><\/label><input type=\"hidden\" id=\"ak_js_1\" name=\"_wpcf7_ak_js\" value=\"92\"\/><script>document.getElementById( \"ak_js_1\" ).setAttribute( \"value\", ( new Date() ).getTime() );<\/script><\/p><div class=\"wpcf7-response-output\" aria-hidden=\"true\"><\/div>\n<input type=\"hidden\" name=\"trp-form-language\" value=\"en\"\/><\/form>\n<\/div>\n<\/div><\/div><\/div><\/div><\/div><\/div><\/div><\/div><\/div><\/div>\n\n<div class=\"vc_row wpb_row vc_row-fluid\">\n\t\t<div class=\"wpb_column vc_column_container vc_col-sm-12\"><div class=\"vc_column-inner\"><div class=\"wpb_wrapper\">\n<div class=\"multiseparator vc_custom_1435819083449\"><\/div>\n<div class=\"vc_custom_heading vc_custom_1532608445427 text_align_left\" ><h2 style=\"text-align: left\" class=\"masterstudy-custom-title\">Certifications<\/h2><\/div><div class=\"vc_row wpb_row vc_inner vc_row-fluid\"><div class=\"wpb_column vc_column_container vc_col-sm-4\"><div class=\"vc_column-inner\"><div class=\"wpb_wrapper\">\n\t<div class=\"certificate\">\n\t\t<div class=\"certificate-frame\">\n\t\t\t<div class=\"certificate-holder\">\n\t\t\t\t<img decoding=\"async\" class=\"img-responsive\" src=\"https:\/\/leon-academy.online\/wp-content\/uploads\/2024\/07\/Golden-Elegant-Certificate-of-Appreciation-480x380.png\" \/>\n\t\t\t<\/div>\n\t\t<\/div>\n\t\t\t\t\t<div class=\"h4 title text-center\">Certificat d&#039;appr\u00e9ciation<\/div>\n\t\t\t<\/div>\n<\/div><\/div><\/div><div class=\"wpb_column vc_column_container vc_col-sm-4\"><div class=\"vc_column-inner\"><div class=\"wpb_wrapper\">\n\t<div class=\"certificate\">\n\t\t<div class=\"certificate-frame\">\n\t\t\t<div class=\"certificate-holder\">\n\t\t\t\t<img decoding=\"async\" class=\"img-responsive\" src=\"https:\/\/leon-academy.online\/wp-content\/uploads\/2024\/07\/Golden-Elegant-Certificate-of-Appreciation-1-480x380.png\" \/>\n\t\t\t<\/div>\n\t\t<\/div>\n\t\t\t\t\t<div class=\"h4 title text-center\">Certificat de Participation<\/div>\n\t\t\t<\/div>\n<\/div><\/div><\/div><div class=\"wpb_column vc_column_container vc_col-sm-4\"><div class=\"vc_column-inner\"><div class=\"wpb_wrapper\">\n\t<div class=\"certificate\">\n\t\t<div class=\"certificate-frame\">\n\t\t\t<div class=\"certificate-holder\">\n\t\t\t\t<img decoding=\"async\" class=\"img-responsive\" src=\"https:\/\/leon-academy.online\/wp-content\/uploads\/2024\/07\/Golden-Elegant-Certificate-of-Appreciation-2-480x380.png\" \/>\n\t\t\t<\/div>\n\t\t<\/div>\n\t\t\t\t\t<div class=\"h4 title text-center\">Certificat de Comp\u00e9tition<\/div>\n\t\t\t<\/div>\n<\/div><\/div><\/div><\/div><\/div><\/div><\/div><\/div>\n<\/div>","protected":false},"excerpt":{"rendered":"Bienvenue \u00e0 L\u00e9on Academy ! La formation en ligne est con\u00e7ue pour les \u00e9tudiants dont les engagements horaires rendraient autrement difficile l'inscription \u00e0 un programme d'enseignement sup\u00e9rieur \u00e0 temps plein. Offertes pour les cours individuels, les dipl\u00f4mes, les dipl\u00f4mes d\u2019associ\u00e9 et les programmes de certificat, les \u00e9tudes en ligne sont une option pr\u00e9cieuse. La qualification [...]","protected":false},"author":1,"featured_media":0,"parent":0,"menu_order":0,"comment_status":"closed","ping_status":"closed","template":"","meta":{"pmpro_default_level":"","_monsterinsights_skip_tracking":false,"_monsterinsights_sitenote_active":false,"_monsterinsights_sitenote_note":"","_monsterinsights_sitenote_category":0,"footnotes":""},"class_list":["post-392","page","type-page","status-publish","hentry","pmpro-has-access"],"jetpack_sharing_enabled":true,"_links":{"self":[{"href":"https:\/\/leon-academy.online\/en\/wp-json\/wp\/v2\/pages\/392","targetHints":{"allow":["GET"]}}],"collection":[{"href":"https:\/\/leon-academy.online\/en\/wp-json\/wp\/v2\/pages"}],"about":[{"href":"https:\/\/leon-academy.online\/en\/wp-json\/wp\/v2\/types\/page"}],"author":[{"embeddable":true,"href":"https:\/\/leon-academy.online\/en\/wp-json\/wp\/v2\/users\/1"}],"replies":[{"embeddable":true,"href":"https:\/\/leon-academy.online\/en\/wp-json\/wp\/v2\/comments?post=392"}],"version-history":[{"count":5,"href":"https:\/\/leon-academy.online\/en\/wp-json\/wp\/v2\/pages\/392\/revisions"}],"predecessor-version":[{"id":7290,"href":"https:\/\/leon-academy.online\/en\/wp-json\/wp\/v2\/pages\/392\/revisions\/7290"}],"wp:attachment":[{"href":"https:\/\/leon-academy.online\/en\/wp-json\/wp\/v2\/media?parent=392"}],"curies":[{"name":"wp","href":"https:\/\/api.w.org\/{rel}","templated":true}]}}