{"id":1054,"date":"2024-06-07T10:52:06","date_gmt":"2024-06-07T09:52:06","guid":{"rendered":"http:\/\/demo2.woothemes.com\/woocommerce\/?post_type=product&#038;p=34"},"modified":"2024-09-20T16:28:57","modified_gmt":"2024-09-20T14:28:57","slug":"crise-dacnes","status":"publish","type":"product","link":"https:\/\/leon-academy.online\/en\/product\/crise-dacnes\/","title":{"rendered":"Crise d&rsquo;acn\u00e9s"},"content":{"rendered":"<p>Dans cet ebook intitul\u00e9 &lsquo;Crise d&rsquo;acn\u00e9s&rsquo;, vous d\u00e9couvrirez des conseils pratiques et des solutions efficaces pour g\u00e9rer et traiter les probl\u00e8mes d&rsquo;acn\u00e9. De la compr\u00e9hension des causes de l&rsquo;acn\u00e9 \u00e0 l&rsquo;identification des meilleurs traitements disponibles, cet ouvrage vous guidera pas \u00e0 pas vers une peau plus saine et \u00e9clatante. Gr\u00e2ce \u00e0 des informations claires et des recommandations bas\u00e9es sur des preuves scientifiques, vous serez en mesure de prendre en main votre peau et de retrouver confiance en vous. Ne laissez plus l&rsquo;acn\u00e9 contr\u00f4ler votre vie, commencez d\u00e8s aujourd&rsquo;hui \u00e0 agir pour une peau radieuse.<\/p>","protected":false},"excerpt":{"rendered":"<p>Dans cet ebook intitul\u00e9 &lsquo;Crise d&rsquo;acn\u00e9s&rsquo;, vous d\u00e9couvrirez des conseils pratiques et des solutions efficaces pour g\u00e9rer et traiter les probl\u00e8mes d&rsquo;acn\u00e9. De la compr\u00e9hension des causes de l&rsquo;acn\u00e9 \u00e0 l&rsquo;identification des meilleurs traitements disponibles, cet ouvrage vous guidera pas \u00e0 pas vers une peau plus saine et \u00e9clatante. Gr\u00e2ce \u00e0 des informations claires et des recommandations bas\u00e9es sur des preuves scientifiques, vous serez en mesure de prendre en main votre peau et de retrouver confiance en vous. Ne laissez plus l&rsquo;acn\u00e9 contr\u00f4ler votre vie, commencez d\u00e8s aujourd&rsquo;hui \u00e0 agir pour une peau radieuse.<\/p>","protected":false},"featured_media":7233,"comment_status":"open","ping_status":"closed","template":"","meta":{"pmpro_default_level":"","_monsterinsights_skip_tracking":false,"_monsterinsights_sitenote_active":false,"_monsterinsights_sitenote_note":"","_monsterinsights_sitenote_category":0},"product_brand":[],"product_cat":[79,164],"product_tag":[133,153,150,159],"class_list":{"0":"post-1054","1":"product","2":"type-product","3":"status-publish","4":"has-post-thumbnail","6":"product_cat-famille-bien-etre","7":"product_cat-mode-beaute","8":"product_tag-beaute","9":"product_tag-bien-etre","10":"product_tag-recette","11":"product_tag-soin-de-la-peau","12":"pmpro-has-access","14":"first","15":"instock","16":"sale","17":"downloadable","18":"virtual","19":"taxable","20":"purchasable","21":"product-type-simple"},"jetpack_sharing_enabled":true,"_links":{"self":[{"href":"https:\/\/leon-academy.online\/en\/wp-json\/wp\/v2\/product\/1054","targetHints":{"allow":["GET"]}}],"collection":[{"href":"https:\/\/leon-academy.online\/en\/wp-json\/wp\/v2\/product"}],"about":[{"href":"https:\/\/leon-academy.online\/en\/wp-json\/wp\/v2\/types\/product"}],"replies":[{"embeddable":true,"href":"https:\/\/leon-academy.online\/en\/wp-json\/wp\/v2\/comments?post=1054"}],"wp:featuredmedia":[{"embeddable":true,"href":"https:\/\/leon-academy.online\/en\/wp-json\/wp\/v2\/media\/7233"}],"wp:attachment":[{"href":"https:\/\/leon-academy.online\/en\/wp-json\/wp\/v2\/media?parent=1054"}],"wp:term":[{"taxonomy":"product_brand","embeddable":true,"href":"https:\/\/leon-academy.online\/en\/wp-json\/wp\/v2\/product_brand?post=1054"},{"taxonomy":"product_cat","embeddable":true,"href":"https:\/\/leon-academy.online\/en\/wp-json\/wp\/v2\/product_cat?post=1054"},{"taxonomy":"product_tag","embeddable":true,"href":"https:\/\/leon-academy.online\/en\/wp-json\/wp\/v2\/product_tag?post=1054"}],"curies":[{"name":"wp","href":"https:\/\/api.w.org\/{rel}","templated":true}]}}