{"id":1173,"date":"2024-06-07T11:33:05","date_gmt":"2024-06-07T10:33:05","guid":{"rendered":"http:\/\/demo2.woothemes.com\/woocommerce\/?post_type=product&#038;p=83"},"modified":"2025-12-18T02:36:42","modified_gmt":"2025-12-18T00:36:42","slug":"300-recettes-de-poulet","status":"publish","type":"product","link":"https:\/\/leon-academy.online\/en\/product\/300-recettes-de-poulet\/","title":{"rendered":"300 Recettes de poulet Partie 1"},"content":{"rendered":"<p>D\u00e9couvrez une vari\u00e9t\u00e9 de d\u00e9licieuses recettes de poulet dans ce ebook captivant! Avec 300 recettes all\u00e9chantes, vous aurez l&#8217;embarras du choix pour pr\u00e9parer des plats savoureux et sains \u00e0 base de poulet. Que vous pr\u00e9f\u00e9riez des recettes classiques comme le poulet r\u00f4ti ou des plats plus exotiques et cr\u00e9atifs, ce livre de cuisine vous inspirera \u00e0 exp\u00e9rimenter en cuisine. Des recettes simples aux plats plus \u00e9labor\u00e9s, ce ebook est un incontournable pour tous les amateurs de poulet. R\u00e9galez-vous et surprenez vos convives avec ces d\u00e9licieuses recettes faciles \u00e0 r\u00e9aliser!<\/p>","protected":false},"excerpt":{"rendered":"<p>D\u00e9couvrez une vari\u00e9t\u00e9 de d\u00e9licieuses recettes de poulet dans ce ebook captivant! Avec 300 recettes all\u00e9chantes, vous aurez l&#8217;embarras du choix pour pr\u00e9parer des plats savoureux et sains \u00e0 base de poulet. Que vous pr\u00e9f\u00e9riez des recettes classiques comme le poulet r\u00f4ti ou des plats plus exotiques et cr\u00e9atifs, ce livre de cuisine vous inspirera \u00e0 exp\u00e9rimenter en cuisine.<\/p>","protected":false},"featured_media":7213,"comment_status":"open","ping_status":"closed","template":"","meta":{"pmpro_default_level":"","_monsterinsights_skip_tracking":false,"_monsterinsights_sitenote_active":false,"_monsterinsights_sitenote_note":"","_monsterinsights_sitenote_category":0},"product_brand":[],"product_cat":[15],"product_tag":[142,151,150],"class_list":{"0":"post-1173","1":"product","2":"type-product","3":"status-publish","4":"has-post-thumbnail","6":"product_cat-cuisines-recettes","7":"product_tag-cuisine","8":"product_tag-poulet","9":"product_tag-recette","10":"pmpro-has-access","12":"first","13":"instock","14":"sale","15":"downloadable","16":"virtual","17":"taxable","18":"purchasable","19":"product-type-simple"},"jetpack_sharing_enabled":true,"_links":{"self":[{"href":"https:\/\/leon-academy.online\/en\/wp-json\/wp\/v2\/product\/1173","targetHints":{"allow":["GET"]}}],"collection":[{"href":"https:\/\/leon-academy.online\/en\/wp-json\/wp\/v2\/product"}],"about":[{"href":"https:\/\/leon-academy.online\/en\/wp-json\/wp\/v2\/types\/product"}],"replies":[{"embeddable":true,"href":"https:\/\/leon-academy.online\/en\/wp-json\/wp\/v2\/comments?post=1173"}],"wp:featuredmedia":[{"embeddable":true,"href":"https:\/\/leon-academy.online\/en\/wp-json\/wp\/v2\/media\/7213"}],"wp:attachment":[{"href":"https:\/\/leon-academy.online\/en\/wp-json\/wp\/v2\/media?parent=1173"}],"wp:term":[{"taxonomy":"product_brand","embeddable":true,"href":"https:\/\/leon-academy.online\/en\/wp-json\/wp\/v2\/product_brand?post=1173"},{"taxonomy":"product_cat","embeddable":true,"href":"https:\/\/leon-academy.online\/en\/wp-json\/wp\/v2\/product_cat?post=1173"},{"taxonomy":"product_tag","embeddable":true,"href":"https:\/\/leon-academy.online\/en\/wp-json\/wp\/v2\/product_tag?post=1173"}],"curies":[{"name":"wp","href":"https:\/\/api.w.org\/{rel}","templated":true}]}}