{"id":22,"date":"2024-06-07T10:46:01","date_gmt":"2024-06-07T09:46:01","guid":{"rendered":"http:\/\/demo2.woothemes.com\/woocommerce\/?post_type=product&#038;p=22"},"modified":"2024-09-20T16:30:24","modified_gmt":"2024-09-20T14:30:24","slug":"diners-faciles-en-semaine","status":"publish","type":"product","link":"https:\/\/leon-academy.online\/en\/product\/diners-faciles-en-semaine\/","title":{"rendered":"D\u00eeners faciles en semaine"},"content":{"rendered":"<p>\u00ab\u00a0D\u00eeners faciles en semaine\u00a0\u00bb est un recueil de recettes rapides et savoureuses con\u00e7u sp\u00e9cialement pour les familles occup\u00e9es. Que vous ayez peu de temps pour cuisiner apr\u00e8s une longue journ\u00e9e de travail ou que vous souhaitiez simplement pr\u00e9parer des repas d\u00e9licieux sans passer des heures en cuisine, cet ebook est fait pour vous. Avec des instructions simples et des ingr\u00e9dients faciles \u00e0 trouver, chaque recette garantit un d\u00eener d\u00e9licieux et \u00e9quilibr\u00e9 en un rien de temps. Fini le stress des repas du soir, \u00ab\u00a0D\u00eeners faciles en semaine\u00a0\u00bb rendra vos soir\u00e9es plus agr\u00e9ables et vos repas plus savoureux.<\/p>","protected":false},"excerpt":{"rendered":"<p>\u00ab\u00a0D\u00eeners faciles en semaine\u00a0\u00bb est un recueil de recettes rapides et savoureuses con\u00e7u sp\u00e9cialement pour les familles occup\u00e9es. Que vous ayez peu de temps pour cuisiner apr\u00e8s une longue journ\u00e9e de travail ou que vous souhaitiez simplement pr\u00e9parer des repas d\u00e9licieux sans passer des heures en cuisine, cet ebook est fait pour vous. Avec des instructions simples et des ingr\u00e9dients faciles \u00e0 trouver, chaque recette garantit un d\u00eener d\u00e9licieux et \u00e9quilibr\u00e9 en un rien de temps. Fini le stress des repas du soir, \u00ab\u00a0D\u00eeners faciles en semaine\u00a0\u00bb rendra vos soir\u00e9es plus agr\u00e9ables et vos repas plus savoureux.<\/p>","protected":false},"featured_media":7235,"comment_status":"open","ping_status":"closed","template":"","meta":{"pmpro_default_level":"","_monsterinsights_skip_tracking":false,"_monsterinsights_sitenote_active":false,"_monsterinsights_sitenote_note":"","_monsterinsights_sitenote_category":0},"product_brand":[],"product_cat":[15,79],"product_tag":[153,160,142,154,141],"class_list":{"0":"post-22","1":"product","2":"type-product","3":"status-publish","4":"has-post-thumbnail","6":"product_cat-cuisines-recettes","7":"product_cat-famille-bien-etre","8":"product_tag-bien-etre","9":"product_tag-busy","10":"product_tag-cuisine","11":"product_tag-famille","12":"product_tag-recettes","13":"pmpro-has-access","15":"first","16":"instock","17":"sale","18":"downloadable","19":"virtual","20":"taxable","21":"purchasable","22":"product-type-simple"},"jetpack_sharing_enabled":true,"_links":{"self":[{"href":"https:\/\/leon-academy.online\/en\/wp-json\/wp\/v2\/product\/22","targetHints":{"allow":["GET"]}}],"collection":[{"href":"https:\/\/leon-academy.online\/en\/wp-json\/wp\/v2\/product"}],"about":[{"href":"https:\/\/leon-academy.online\/en\/wp-json\/wp\/v2\/types\/product"}],"replies":[{"embeddable":true,"href":"https:\/\/leon-academy.online\/en\/wp-json\/wp\/v2\/comments?post=22"}],"wp:featuredmedia":[{"embeddable":true,"href":"https:\/\/leon-academy.online\/en\/wp-json\/wp\/v2\/media\/7235"}],"wp:attachment":[{"href":"https:\/\/leon-academy.online\/en\/wp-json\/wp\/v2\/media?parent=22"}],"wp:term":[{"taxonomy":"product_brand","embeddable":true,"href":"https:\/\/leon-academy.online\/en\/wp-json\/wp\/v2\/product_brand?post=22"},{"taxonomy":"product_cat","embeddable":true,"href":"https:\/\/leon-academy.online\/en\/wp-json\/wp\/v2\/product_cat?post=22"},{"taxonomy":"product_tag","embeddable":true,"href":"https:\/\/leon-academy.online\/en\/wp-json\/wp\/v2\/product_tag?post=22"}],"curies":[{"name":"wp","href":"https:\/\/api.w.org\/{rel}","templated":true}]}}