{"id":4967,"date":"2024-06-07T10:35:51","date_gmt":"2024-06-07T09:35:51","guid":{"rendered":"http:\/\/demo2.woothemes.com\/woocommerce\/?post_type=product&#038;p=15"},"modified":"2024-09-20T16:33:57","modified_gmt":"2024-09-20T14:33:57","slug":"le-grand-livre-de-recettes-bonbons-maison-partie-1","status":"publish","type":"product","link":"https:\/\/leon-academy.online\/en\/product\/le-grand-livre-de-recettes-bonbons-maison-partie-1\/","title":{"rendered":"Le grand livre de recettes bonbons maison Partie 1"},"content":{"rendered":"<p>\u00ab\u00a0Le grand livre de recettes bonbons maison\u00a0\u00bb est un recueil incroyable de d\u00e9lices sucr\u00e9s \u00e0 r\u00e9aliser chez soi. Avec plus de 100 recettes d\u00e9taill\u00e9es et faciles \u00e0 suivre, cet eBook vous invite \u00e0 plonger dans l&rsquo;univers color\u00e9 et gourmand des bonbons faits maison. Que vous soyez novice en cuisine ou amateur de confiseries, vous trouverez votre bonheur parmi une large s\u00e9lection de bonbons classiques revisit\u00e9s et de cr\u00e9ations originales. De la douceur des guimauves aux saveurs acidul\u00e9es des bonbons g\u00e9lifi\u00e9s, chaque page vous r\u00e9serve une nouvelle surprise sucr\u00e9e \u00e0 concocter et \u00e0 d\u00e9guster. Un incontournable pour les amoureux de la confiserie!<\/p>","protected":false},"excerpt":{"rendered":"<p>\u00ab\u00a0Le grand livre de recettes bonbons maison\u00a0\u00bb est un recueil incroyable de d\u00e9lices sucr\u00e9s \u00e0 r\u00e9aliser chez soi. Avec plus de 100 recettes d\u00e9taill\u00e9es et faciles \u00e0 suivre, cet eBook vous invite \u00e0 plonger dans l&rsquo;univers color\u00e9 et gourmand des bonbons faits maison. Que vous soyez novice en cuisine ou amateur de confiseries, vous trouverez votre bonheur parmi une large s\u00e9lection de bonbons classiques revisit\u00e9s et de cr\u00e9ations originales. De la douceur des guimauves aux saveurs acidul\u00e9es des bonbons g\u00e9lifi\u00e9s, chaque page vous r\u00e9serve une nouvelle surprise sucr\u00e9e \u00e0 concocter et \u00e0 d\u00e9guster. Un incontournable pour les amoureux de la confiserie!<\/p>","protected":false},"featured_media":7242,"comment_status":"open","ping_status":"closed","template":"","meta":{"pmpro_default_level":"","_monsterinsights_skip_tracking":false,"_monsterinsights_sitenote_active":false,"_monsterinsights_sitenote_note":"","_monsterinsights_sitenote_category":0},"product_brand":[],"product_cat":[15],"product_tag":[163,142,150],"class_list":{"0":"post-4967","1":"product","2":"type-product","3":"status-publish","4":"has-post-thumbnail","6":"product_cat-cuisines-recettes","7":"product_tag-confiserie","8":"product_tag-cuisine","9":"product_tag-recette","10":"pmpro-has-access","12":"first","13":"instock","14":"sale","15":"downloadable","16":"virtual","17":"taxable","18":"purchasable","19":"product-type-simple"},"jetpack_sharing_enabled":true,"_links":{"self":[{"href":"https:\/\/leon-academy.online\/en\/wp-json\/wp\/v2\/product\/4967","targetHints":{"allow":["GET"]}}],"collection":[{"href":"https:\/\/leon-academy.online\/en\/wp-json\/wp\/v2\/product"}],"about":[{"href":"https:\/\/leon-academy.online\/en\/wp-json\/wp\/v2\/types\/product"}],"replies":[{"embeddable":true,"href":"https:\/\/leon-academy.online\/en\/wp-json\/wp\/v2\/comments?post=4967"}],"wp:featuredmedia":[{"embeddable":true,"href":"https:\/\/leon-academy.online\/en\/wp-json\/wp\/v2\/media\/7242"}],"wp:attachment":[{"href":"https:\/\/leon-academy.online\/en\/wp-json\/wp\/v2\/media?parent=4967"}],"wp:term":[{"taxonomy":"product_brand","embeddable":true,"href":"https:\/\/leon-academy.online\/en\/wp-json\/wp\/v2\/product_brand?post=4967"},{"taxonomy":"product_cat","embeddable":true,"href":"https:\/\/leon-academy.online\/en\/wp-json\/wp\/v2\/product_cat?post=4967"},{"taxonomy":"product_tag","embeddable":true,"href":"https:\/\/leon-academy.online\/en\/wp-json\/wp\/v2\/product_tag?post=4967"}],"curies":[{"name":"wp","href":"https:\/\/api.w.org\/{rel}","templated":true}]}}