{"id":56,"date":"2024-06-07T11:07:19","date_gmt":"2024-06-07T10:07:19","guid":{"rendered":"http:\/\/demo2.woothemes.com\/woocommerce\/?post_type=product&#038;p=56"},"modified":"2024-09-20T16:23:21","modified_gmt":"2024-09-20T14:23:21","slug":"aimer-la-vie","status":"publish","type":"product","link":"https:\/\/leon-academy.online\/en\/product\/aimer-la-vie\/","title":{"rendered":"Aimer la vie"},"content":{"rendered":"<p>\u00ab\u00a0Aimer la vie\u00a0\u00bb est un ebook inspirant qui explore les joies de vivre pleinement chaque instant. \u00c0 travers des r\u00e9flexions profondes et des conseils pratiques, cet ouvrage encourage les lecteurs \u00e0 cultiver l&rsquo;amour de soi, des autres et de toutes les exp\u00e9riences que la vie a \u00e0 offrir. De la gratitude \u00e0 la r\u00e9silience, en passant par la pleine conscience, cet ebook est un guide essentiel pour embrasser la positivit\u00e9 et la pl\u00e9nitude. Que ce soit \u00e0 travers des anecdotes personnelles ou des exercices de d\u00e9veloppement personnel, \u00ab\u00a0Aimer la vie\u00a0\u00bb est un compagnon pr\u00e9cieux pour apprendre \u00e0 appr\u00e9cier pleinement chaque jour.<\/p>","protected":false},"excerpt":{"rendered":"<p>\u00ab\u00a0Aimer la vie\u00a0\u00bb est un ebook inspirant qui explore les joies de vivre pleinement chaque instant. \u00c0 travers des r\u00e9flexions profondes et des conseils pratiques, cet ouvrage encourage les lecteurs \u00e0 cultiver l&rsquo;amour de soi, des autres et de toutes les exp\u00e9riences que la vie a \u00e0 offrir.<\/p>","protected":false},"featured_media":7221,"comment_status":"open","ping_status":"closed","template":"","meta":{"pmpro_default_level":"","_monsterinsights_skip_tracking":false,"_monsterinsights_sitenote_active":false,"_monsterinsights_sitenote_note":"","_monsterinsights_sitenote_category":0},"product_brand":[],"product_cat":[79,62],"product_tag":[135,153,154,155,152],"class_list":{"0":"post-56","1":"product","2":"type-product","3":"status-publish","4":"has-post-thumbnail","6":"product_cat-famille-bien-etre","7":"product_cat-sante-forme-dietetique","8":"product_tag-amour","9":"product_tag-bien-etre","10":"product_tag-famille","11":"product_tag-soin","12":"product_tag-vie","13":"pmpro-has-access","15":"first","16":"instock","17":"sale","18":"downloadable","19":"virtual","20":"taxable","21":"purchasable","22":"product-type-simple"},"jetpack_sharing_enabled":true,"_links":{"self":[{"href":"https:\/\/leon-academy.online\/en\/wp-json\/wp\/v2\/product\/56","targetHints":{"allow":["GET"]}}],"collection":[{"href":"https:\/\/leon-academy.online\/en\/wp-json\/wp\/v2\/product"}],"about":[{"href":"https:\/\/leon-academy.online\/en\/wp-json\/wp\/v2\/types\/product"}],"replies":[{"embeddable":true,"href":"https:\/\/leon-academy.online\/en\/wp-json\/wp\/v2\/comments?post=56"}],"wp:featuredmedia":[{"embeddable":true,"href":"https:\/\/leon-academy.online\/en\/wp-json\/wp\/v2\/media\/7221"}],"wp:attachment":[{"href":"https:\/\/leon-academy.online\/en\/wp-json\/wp\/v2\/media?parent=56"}],"wp:term":[{"taxonomy":"product_brand","embeddable":true,"href":"https:\/\/leon-academy.online\/en\/wp-json\/wp\/v2\/product_brand?post=56"},{"taxonomy":"product_cat","embeddable":true,"href":"https:\/\/leon-academy.online\/en\/wp-json\/wp\/v2\/product_cat?post=56"},{"taxonomy":"product_tag","embeddable":true,"href":"https:\/\/leon-academy.online\/en\/wp-json\/wp\/v2\/product_tag?post=56"}],"curies":[{"name":"wp","href":"https:\/\/api.w.org\/{rel}","templated":true}]}}