{"id":7244,"date":"2024-07-27T16:36:31","date_gmt":"2024-07-27T15:36:31","guid":{"rendered":"https:\/\/leon-academy.online\/?post_type=product&#038;p=7244"},"modified":"2024-09-20T16:09:40","modified_gmt":"2024-09-20T14:09:40","slug":"le-guide-complet-pour-trouver-la-femme-parfaite","status":"publish","type":"product","link":"https:\/\/leon-academy.online\/en\/product\/le-guide-complet-pour-trouver-la-femme-parfaite\/","title":{"rendered":"Le guide complet pour trouver la femme parfaite"},"content":{"rendered":"<p>Plongez dans ce guide exhaustif qui vous d\u00e9voile tous les secrets pour trouver la femme id\u00e9ale qui correspond \u00e0 vos crit\u00e8res et attentes. De la psychologie f\u00e9minine aux meilleures techniques de s\u00e9duction, en passant par les astuces pour r\u00e9ussir un premier rendez-vous, ce livre est un indispensable pour tous ceux qui cherchent leur moiti\u00e9. Des conseils pratiques et des anecdotes inspirantes vous guident pas \u00e0 pas dans votre qu\u00eate de l&rsquo;amour. Que vous soyez novice en amour ou que vous cherchiez \u00e0 am\u00e9liorer vos comp\u00e9tences, ce guide vous accompagne dans votre recherche de la femme parfaite.<\/p>","protected":false},"excerpt":{"rendered":"<p>Plongez dans ce guide exhaustif qui vous d\u00e9voile tous les secrets pour trouver la femme id\u00e9ale qui correspond \u00e0 vos crit\u00e8res et attentes. De la psychologie f\u00e9minine aux meilleures techniques de s\u00e9duction, en passant par les astuces pour r\u00e9ussir un premier rendez-vous, ce livre est un indispensable pour tous ceux qui cherchent leur moiti\u00e9.<\/p>","protected":false},"featured_media":7245,"comment_status":"open","ping_status":"closed","template":"","meta":{"pmpro_default_level":"","_monsterinsights_skip_tracking":false,"_monsterinsights_sitenote_active":false,"_monsterinsights_sitenote_note":"","_monsterinsights_sitenote_category":0},"product_brand":[],"product_cat":[124],"product_tag":[135,165,137,166],"class_list":{"0":"post-7244","1":"product","2":"type-product","3":"status-publish","4":"has-post-thumbnail","6":"product_cat-amour-relation","7":"product_tag-amour","8":"product_tag-femme","9":"product_tag-relation","10":"product_tag-rencontre","11":"pmpro-has-access","13":"first","14":"instock","15":"sale","16":"downloadable","17":"virtual","18":"taxable","19":"purchasable","20":"product-type-simple"},"jetpack_sharing_enabled":true,"_links":{"self":[{"href":"https:\/\/leon-academy.online\/en\/wp-json\/wp\/v2\/product\/7244","targetHints":{"allow":["GET"]}}],"collection":[{"href":"https:\/\/leon-academy.online\/en\/wp-json\/wp\/v2\/product"}],"about":[{"href":"https:\/\/leon-academy.online\/en\/wp-json\/wp\/v2\/types\/product"}],"replies":[{"embeddable":true,"href":"https:\/\/leon-academy.online\/en\/wp-json\/wp\/v2\/comments?post=7244"}],"wp:featuredmedia":[{"embeddable":true,"href":"https:\/\/leon-academy.online\/en\/wp-json\/wp\/v2\/media\/7245"}],"wp:attachment":[{"href":"https:\/\/leon-academy.online\/en\/wp-json\/wp\/v2\/media?parent=7244"}],"wp:term":[{"taxonomy":"product_brand","embeddable":true,"href":"https:\/\/leon-academy.online\/en\/wp-json\/wp\/v2\/product_brand?post=7244"},{"taxonomy":"product_cat","embeddable":true,"href":"https:\/\/leon-academy.online\/en\/wp-json\/wp\/v2\/product_cat?post=7244"},{"taxonomy":"product_tag","embeddable":true,"href":"https:\/\/leon-academy.online\/en\/wp-json\/wp\/v2\/product_tag?post=7244"}],"curies":[{"name":"wp","href":"https:\/\/api.w.org\/{rel}","templated":true}]}}