{"id":7257,"date":"2024-07-27T17:19:05","date_gmt":"2024-07-27T16:19:05","guid":{"rendered":"https:\/\/leon-academy.online\/?post_type=product&#038;p=7257"},"modified":"2024-09-20T16:03:13","modified_gmt":"2024-09-20T14:03:13","slug":"le-livre-de-recettes-de-salades-le-plus-complet-partie-1","status":"publish","type":"product","link":"https:\/\/leon-academy.online\/en\/product\/le-livre-de-recettes-de-salades-le-plus-complet-partie-1\/","title":{"rendered":"Le livre de recettes de salades le plus complet Partie 1"},"content":{"rendered":"<p>Que vous soyez v\u00e9g\u00e9tarien, adepte de la cuisine m\u00e9diterran\u00e9enne ou simplement \u00e0 la recherche d&rsquo;id\u00e9es fra\u00eeches et cr\u00e9atives, vous trouverez votre bonheur parmi les pages de cet ebook. Des ingr\u00e9dients frais, des combinaisons de saveurs originales et des instructions d\u00e9taill\u00e9es font de ce livre un incontournable pour les amateurs de salades.<\/p>","protected":false},"excerpt":{"rendered":"<p>L&rsquo;ebook \u00ab\u00a0Le livre de recettes de salades le plus complet\u00a0\u00bb est une compilation exhaustive de d\u00e9licieuses recettes de salades pour tous les go\u00fbts et toutes les occasions. Avec plus de 100 recettes diverses et vari\u00e9es, ce livre vous offre une v\u00e9ritable mine d&rsquo;inspiration pour des repas sains et savoureux. Que vous soyez v\u00e9g\u00e9tarien, adepte de la cuisine m\u00e9diterran\u00e9enne ou simplement \u00e0 la recherche d&rsquo;id\u00e9es fra\u00eeches et cr\u00e9atives, vous trouverez votre bonheur parmi les pages de cet ebook. Des ingr\u00e9dients frais, des combinaisons de saveurs originales et des instructions d\u00e9taill\u00e9es font de ce livre un incontournable pour les amateurs de salades.<\/p>","protected":false},"featured_media":7259,"comment_status":"open","ping_status":"closed","template":"","meta":{"pmpro_default_level":"","_monsterinsights_skip_tracking":false,"_monsterinsights_sitenote_active":false,"_monsterinsights_sitenote_note":"","_monsterinsights_sitenote_category":0},"product_brand":[],"product_cat":[15,62],"product_tag":[142,150,167,162],"class_list":{"0":"post-7257","1":"product","2":"type-product","3":"status-publish","4":"has-post-thumbnail","6":"product_cat-cuisines-recettes","7":"product_cat-sante-forme-dietetique","8":"product_tag-cuisine","9":"product_tag-recette","10":"product_tag-salade","11":"product_tag-sante","12":"pmpro-has-access","14":"first","15":"instock","16":"sale","17":"downloadable","18":"virtual","19":"taxable","20":"purchasable","21":"product-type-simple"},"jetpack_sharing_enabled":true,"_links":{"self":[{"href":"https:\/\/leon-academy.online\/en\/wp-json\/wp\/v2\/product\/7257","targetHints":{"allow":["GET"]}}],"collection":[{"href":"https:\/\/leon-academy.online\/en\/wp-json\/wp\/v2\/product"}],"about":[{"href":"https:\/\/leon-academy.online\/en\/wp-json\/wp\/v2\/types\/product"}],"replies":[{"embeddable":true,"href":"https:\/\/leon-academy.online\/en\/wp-json\/wp\/v2\/comments?post=7257"}],"wp:featuredmedia":[{"embeddable":true,"href":"https:\/\/leon-academy.online\/en\/wp-json\/wp\/v2\/media\/7259"}],"wp:attachment":[{"href":"https:\/\/leon-academy.online\/en\/wp-json\/wp\/v2\/media?parent=7257"}],"wp:term":[{"taxonomy":"product_brand","embeddable":true,"href":"https:\/\/leon-academy.online\/en\/wp-json\/wp\/v2\/product_brand?post=7257"},{"taxonomy":"product_cat","embeddable":true,"href":"https:\/\/leon-academy.online\/en\/wp-json\/wp\/v2\/product_cat?post=7257"},{"taxonomy":"product_tag","embeddable":true,"href":"https:\/\/leon-academy.online\/en\/wp-json\/wp\/v2\/product_tag?post=7257"}],"curies":[{"name":"wp","href":"https:\/\/api.w.org\/{rel}","templated":true}]}}