{"id":7260,"date":"2024-07-27T17:42:17","date_gmt":"2024-07-27T16:42:17","guid":{"rendered":"https:\/\/leon-academy.online\/?post_type=product&#038;p=7260"},"modified":"2024-09-20T16:01:48","modified_gmt":"2024-09-20T14:01:48","slug":"les-choses-indispensables-pour-le-futur-enfant","status":"publish","type":"product","link":"https:\/\/leon-academy.online\/en\/product\/les-choses-indispensables-pour-le-futur-enfant\/","title":{"rendered":"Les choses indispensables pour le futur enfant"},"content":{"rendered":"<p>Dans cet ebook captivant, d\u00e9couvrez tout ce dont vous avez besoin pour pr\u00e9parer l&rsquo;arriv\u00e9e de votre futur enfant. Des conseils pratiques sur les essentiels \u00e0 avoir, des astuces pour am\u00e9nager sa chambre, des recommandations sur les produits incontournables pour son bien-\u00eatre et son d\u00e9veloppement. Que ce soit pour les premiers mois de sa vie ou pour les premi\u00e8res ann\u00e9es, cet ebook est un guide complet et indispensable pour les futurs parents en qu\u00eate de s\u00e9r\u00e9nit\u00e9 et de pr\u00e9paration. Avec des informations claires et concises, vous serez pr\u00eats \u00e0 accueillir votre enfant dans les meilleures conditions possibles.<\/p>","protected":false},"excerpt":{"rendered":"<p>Que ce soit pour les premiers mois de sa vie ou pour les premi\u00e8res ann\u00e9es, cet ebook est un guide complet et indispensable pour les futurs parents en qu\u00eate de s\u00e9r\u00e9nit\u00e9 et de pr\u00e9paration. Avec des informations claires et concises, vous serez pr\u00eats \u00e0 accueillir votre enfant dans les meilleures conditions possibles.<\/p>","protected":false},"featured_media":7262,"comment_status":"open","ping_status":"closed","template":"","meta":{"pmpro_default_level":"","_monsterinsights_skip_tracking":false,"_monsterinsights_sitenote_active":false,"_monsterinsights_sitenote_note":"","_monsterinsights_sitenote_category":0},"product_brand":[],"product_cat":[15],"product_tag":[169,165,171,168,170],"class_list":{"0":"post-7260","1":"product","2":"type-product","3":"status-publish","4":"has-post-thumbnail","6":"product_cat-cuisines-recettes","7":"product_tag-bebe","8":"product_tag-femme","9":"product_tag-futur-maman","10":"product_tag-maternite","11":"product_tag-preparatifs","12":"pmpro-has-access","14":"first","15":"instock","16":"sale","17":"downloadable","18":"virtual","19":"taxable","20":"purchasable","21":"product-type-simple"},"jetpack_sharing_enabled":true,"_links":{"self":[{"href":"https:\/\/leon-academy.online\/en\/wp-json\/wp\/v2\/product\/7260","targetHints":{"allow":["GET"]}}],"collection":[{"href":"https:\/\/leon-academy.online\/en\/wp-json\/wp\/v2\/product"}],"about":[{"href":"https:\/\/leon-academy.online\/en\/wp-json\/wp\/v2\/types\/product"}],"replies":[{"embeddable":true,"href":"https:\/\/leon-academy.online\/en\/wp-json\/wp\/v2\/comments?post=7260"}],"wp:featuredmedia":[{"embeddable":true,"href":"https:\/\/leon-academy.online\/en\/wp-json\/wp\/v2\/media\/7262"}],"wp:attachment":[{"href":"https:\/\/leon-academy.online\/en\/wp-json\/wp\/v2\/media?parent=7260"}],"wp:term":[{"taxonomy":"product_brand","embeddable":true,"href":"https:\/\/leon-academy.online\/en\/wp-json\/wp\/v2\/product_brand?post=7260"},{"taxonomy":"product_cat","embeddable":true,"href":"https:\/\/leon-academy.online\/en\/wp-json\/wp\/v2\/product_cat?post=7260"},{"taxonomy":"product_tag","embeddable":true,"href":"https:\/\/leon-academy.online\/en\/wp-json\/wp\/v2\/product_tag?post=7260"}],"curies":[{"name":"wp","href":"https:\/\/api.w.org\/{rel}","templated":true}]}}