{"id":7267,"date":"2024-07-27T17:57:05","date_gmt":"2024-07-27T16:57:05","guid":{"rendered":"https:\/\/leon-academy.online\/?post_type=product&#038;p=7267"},"modified":"2024-09-20T15:59:21","modified_gmt":"2024-09-20T13:59:21","slug":"les-maladies-infantiles","status":"publish","type":"product","link":"https:\/\/leon-academy.online\/en\/product\/les-maladies-infantiles\/","title":{"rendered":"Les maladies infantiles"},"content":{"rendered":"<p>\u00ab\u00a0Les maladies infantiles courantes\u00a0\u00bb est un ebook complet et informatif qui explore les diff\u00e9rentes maladies auxquelles les enfants sont fr\u00e9quemment confront\u00e9s. De la varicelle \u00e0 la rougeole en passant par la bronchiolite, cet ouvrage offre une analyse d\u00e9taill\u00e9e des sympt\u00f4mes, des traitements et des mesures pr\u00e9ventives \u00e0 prendre. R\u00e9dig\u00e9 de mani\u00e8re claire et accessible, cet ebook est un outil indispensable pour les parents et les professionnels de la sant\u00e9 qui souhaitent mieux comprendre et g\u00e9rer les probl\u00e8mes de sant\u00e9 des enfants. Avec des conseils pratiques et des informations m\u00e9dicales \u00e0 jour, il s&rsquo;agit d&rsquo;une ressource pr\u00e9cieuse pour assurer le bien-\u00eatre des plus jeunes.<\/p>","protected":false},"excerpt":{"rendered":"<p>R\u00e9dig\u00e9 de mani\u00e8re claire et accessible, cet ebook est un outil indispensable pour les parents et les professionnels de la sant\u00e9 qui souhaitent mieux comprendre et g\u00e9rer les probl\u00e8mes de sant\u00e9 des enfants. Avec des conseils pratiques et des informations m\u00e9dicales \u00e0 jour, il s&rsquo;agit d&rsquo;une ressource pr\u00e9cieuse pour assurer le bien-\u00eatre des plus jeunes.<\/p>","protected":false},"featured_media":7269,"comment_status":"open","ping_status":"closed","template":"","meta":{"pmpro_default_level":"","_monsterinsights_skip_tracking":false,"_monsterinsights_sitenote_active":false,"_monsterinsights_sitenote_note":"","_monsterinsights_sitenote_category":0},"product_brand":[],"product_cat":[79,62],"product_tag":[153,172,154,173,174,162],"class_list":{"0":"post-7267","1":"product","2":"type-product","3":"status-publish","4":"has-post-thumbnail","6":"product_cat-famille-bien-etre","7":"product_cat-sante-forme-dietetique","8":"product_tag-bien-etre","9":"product_tag-enfant","10":"product_tag-famille","11":"product_tag-maladie","12":"product_tag-parents","13":"product_tag-sante","14":"pmpro-has-access","16":"first","17":"instock","18":"sale","19":"downloadable","20":"virtual","21":"taxable","22":"purchasable","23":"product-type-simple"},"jetpack_sharing_enabled":true,"_links":{"self":[{"href":"https:\/\/leon-academy.online\/en\/wp-json\/wp\/v2\/product\/7267","targetHints":{"allow":["GET"]}}],"collection":[{"href":"https:\/\/leon-academy.online\/en\/wp-json\/wp\/v2\/product"}],"about":[{"href":"https:\/\/leon-academy.online\/en\/wp-json\/wp\/v2\/types\/product"}],"replies":[{"embeddable":true,"href":"https:\/\/leon-academy.online\/en\/wp-json\/wp\/v2\/comments?post=7267"}],"wp:featuredmedia":[{"embeddable":true,"href":"https:\/\/leon-academy.online\/en\/wp-json\/wp\/v2\/media\/7269"}],"wp:attachment":[{"href":"https:\/\/leon-academy.online\/en\/wp-json\/wp\/v2\/media?parent=7267"}],"wp:term":[{"taxonomy":"product_brand","embeddable":true,"href":"https:\/\/leon-academy.online\/en\/wp-json\/wp\/v2\/product_brand?post=7267"},{"taxonomy":"product_cat","embeddable":true,"href":"https:\/\/leon-academy.online\/en\/wp-json\/wp\/v2\/product_cat?post=7267"},{"taxonomy":"product_tag","embeddable":true,"href":"https:\/\/leon-academy.online\/en\/wp-json\/wp\/v2\/product_tag?post=7267"}],"curies":[{"name":"wp","href":"https:\/\/api.w.org\/{rel}","templated":true}]}}