{"id":7275,"date":"2024-07-28T11:05:15","date_gmt":"2024-07-28T10:05:15","guid":{"rendered":"https:\/\/leon-academy.online\/?post_type=product&#038;p=7275"},"modified":"2024-09-20T15:55:20","modified_gmt":"2024-09-20T13:55:20","slug":"nutrition-pour-les-enfants","status":"publish","type":"product","link":"https:\/\/leon-academy.online\/en\/product\/nutrition-pour-les-enfants\/","title":{"rendered":"Nutrition pour les enfants"},"content":{"rendered":"<p>\u00ab\u00a0Nutrition pour les enfants\u00a0\u00bb est un guide complet et informatif qui explore l&rsquo;importance d&rsquo;une alimentation saine pour les enfants en pleine croissance. Ce livre aborde les principes fondamentaux de la nutrition, les besoins sp\u00e9cifiques des enfants \u00e0 diff\u00e9rents stades de d\u00e9veloppement, ainsi que des conseils pratiques pour planifier des repas \u00e9quilibr\u00e9s et nutritifs. En mettant l&rsquo;accent sur l&rsquo;impact de la nutrition sur la sant\u00e9 globale et le bien-\u00eatre des enfants, cet ebook est un outil essentiel pour les parents, les \u00e9ducateurs et les professionnels de la sant\u00e9 qui cherchent \u00e0 promouvoir de saines habitudes alimentaires chez les jeunes.<\/p>","protected":false},"excerpt":{"rendered":"<p>Cet ouvrage informatif et pratique est un incontournable pour tous les parents soucieux de la sant\u00e9 de leur famille. Un v\u00e9ritable alli\u00e9 pour une alimentation joyeuse et \u00e9nergisante !<\/p>","protected":false},"featured_media":7277,"comment_status":"open","ping_status":"closed","template":"","meta":{"pmpro_default_level":"","_monsterinsights_skip_tracking":false,"_monsterinsights_sitenote_active":false,"_monsterinsights_sitenote_note":"","_monsterinsights_sitenote_category":0},"product_brand":[],"product_cat":[79,62],"product_tag":[158,153,128,145,172,174,162],"class_list":{"0":"post-7275","1":"product","2":"type-product","3":"status-publish","4":"has-post-thumbnail","6":"product_cat-famille-bien-etre","7":"product_cat-sante-forme-dietetique","8":"product_tag-astuces","9":"product_tag-bien-etre","10":"product_tag-conseils","11":"product_tag-corps","12":"product_tag-enfant","13":"product_tag-parents","14":"product_tag-sante","15":"pmpro-has-access","17":"first","18":"instock","19":"sale","20":"downloadable","21":"virtual","22":"taxable","23":"purchasable","24":"product-type-simple"},"jetpack_sharing_enabled":true,"_links":{"self":[{"href":"https:\/\/leon-academy.online\/en\/wp-json\/wp\/v2\/product\/7275","targetHints":{"allow":["GET"]}}],"collection":[{"href":"https:\/\/leon-academy.online\/en\/wp-json\/wp\/v2\/product"}],"about":[{"href":"https:\/\/leon-academy.online\/en\/wp-json\/wp\/v2\/types\/product"}],"replies":[{"embeddable":true,"href":"https:\/\/leon-academy.online\/en\/wp-json\/wp\/v2\/comments?post=7275"}],"wp:featuredmedia":[{"embeddable":true,"href":"https:\/\/leon-academy.online\/en\/wp-json\/wp\/v2\/media\/7277"}],"wp:attachment":[{"href":"https:\/\/leon-academy.online\/en\/wp-json\/wp\/v2\/media?parent=7275"}],"wp:term":[{"taxonomy":"product_brand","embeddable":true,"href":"https:\/\/leon-academy.online\/en\/wp-json\/wp\/v2\/product_brand?post=7275"},{"taxonomy":"product_cat","embeddable":true,"href":"https:\/\/leon-academy.online\/en\/wp-json\/wp\/v2\/product_cat?post=7275"},{"taxonomy":"product_tag","embeddable":true,"href":"https:\/\/leon-academy.online\/en\/wp-json\/wp\/v2\/product_tag?post=7275"}],"curies":[{"name":"wp","href":"https:\/\/api.w.org\/{rel}","templated":true}]}}