{"id":7284,"date":"2024-07-28T11:21:54","date_gmt":"2024-07-28T10:21:54","guid":{"rendered":"https:\/\/leon-academy.online\/?post_type=product&#038;p=7284"},"modified":"2024-09-20T15:48:59","modified_gmt":"2024-09-20T13:48:59","slug":"un-nettoyage-intelligent","status":"publish","type":"product","link":"https:\/\/leon-academy.online\/en\/product\/un-nettoyage-intelligent\/","title":{"rendered":"Un Nettoyage Intelligent"},"content":{"rendered":"<p>\u00ab\u00a0Un nettoyage intelligent\u00a0\u00bb est un guide pratique et informatif qui vous enseigne les meilleures techniques et strat\u00e9gies pour maintenir un environnement propre et organis\u00e9 de mani\u00e8re efficace. Du tri des objets inutiles \u00e0 l&rsquo;optimisation de l&rsquo;espace, cet ebook offre des conseils pratiques pour simplifier votre quotidien et am\u00e9liorer votre bien-\u00eatre. En abordant \u00e9galement des aspects \u00e9cologiques et durables, il vous permettra de r\u00e9duire votre empreinte environnementale tout en gagnant du temps et de l&rsquo;\u00e9nergie. Que vous soyez novice en mati\u00e8re de nettoyage ou \u00e0 la recherche de nouvelles astuces, \u00ab\u00a0Un nettoyage intelligent\u00a0\u00bb sera votre alli\u00e9 incontournable.<\/p>","protected":false},"excerpt":{"rendered":"<p>\u00c0 travers des conseils simples et efficaces, cet ebook vous enseigne comment organiser, planifier et ex\u00e9cuter vos t\u00e2ches m\u00e9nag\u00e8res de mani\u00e8re efficace et \u00e9cologique. Vous d\u00e9couvrirez des astuces pour simplifier votre quotidien, optimiser votre temps et cr\u00e9er un environnement sain et harmonieux chez vous.<\/p>","protected":false},"featured_media":7286,"comment_status":"open","ping_status":"closed","template":"","meta":{"pmpro_default_level":"","_monsterinsights_skip_tracking":false,"_monsterinsights_sitenote_active":false,"_monsterinsights_sitenote_note":"","_monsterinsights_sitenote_category":0},"product_brand":[],"product_cat":[67],"product_tag":[158,128,130,129],"class_list":{"0":"post-7284","1":"product","2":"type-product","3":"status-publish","4":"has-post-thumbnail","6":"product_cat-loisirs-creatifs-decoration-maison","7":"product_tag-astuces","8":"product_tag-conseils","9":"product_tag-entretien","10":"product_tag-maison","11":"pmpro-has-access","13":"first","14":"instock","15":"sale","16":"downloadable","17":"virtual","18":"purchasable","19":"product-type-simple"},"jetpack_sharing_enabled":true,"_links":{"self":[{"href":"https:\/\/leon-academy.online\/en\/wp-json\/wp\/v2\/product\/7284","targetHints":{"allow":["GET"]}}],"collection":[{"href":"https:\/\/leon-academy.online\/en\/wp-json\/wp\/v2\/product"}],"about":[{"href":"https:\/\/leon-academy.online\/en\/wp-json\/wp\/v2\/types\/product"}],"replies":[{"embeddable":true,"href":"https:\/\/leon-academy.online\/en\/wp-json\/wp\/v2\/comments?post=7284"}],"wp:featuredmedia":[{"embeddable":true,"href":"https:\/\/leon-academy.online\/en\/wp-json\/wp\/v2\/media\/7286"}],"wp:attachment":[{"href":"https:\/\/leon-academy.online\/en\/wp-json\/wp\/v2\/media?parent=7284"}],"wp:term":[{"taxonomy":"product_brand","embeddable":true,"href":"https:\/\/leon-academy.online\/en\/wp-json\/wp\/v2\/product_brand?post=7284"},{"taxonomy":"product_cat","embeddable":true,"href":"https:\/\/leon-academy.online\/en\/wp-json\/wp\/v2\/product_cat?post=7284"},{"taxonomy":"product_tag","embeddable":true,"href":"https:\/\/leon-academy.online\/en\/wp-json\/wp\/v2\/product_tag?post=7284"}],"curies":[{"name":"wp","href":"https:\/\/api.w.org\/{rel}","templated":true}]}}