{"id":7346,"date":"2024-09-24T09:53:14","date_gmt":"2024-09-24T07:53:14","guid":{"rendered":"https:\/\/leon-academy.online\/?post_type=product&#038;p=7346"},"modified":"2024-09-24T17:36:29","modified_gmt":"2024-09-24T15:36:29","slug":"prieres-pour-les-9-mois-de-grossesse","status":"publish","type":"product","link":"https:\/\/leon-academy.online\/en\/product\/prieres-pour-les-9-mois-de-grossesse\/","title":{"rendered":"Pri\u00e8res pour les 9 mois de grossesse"},"content":{"rendered":"<p style=\"text-align: center;\">Les pri\u00e8res pour les 9 mois de grossesse sont une pratique spirituelle profonde et significative pour de nombreuses femmes enceintes. Ces neuf mois de gestation sont une p\u00e9riode de transformation et de pr\u00e9paration \u00e0 l&rsquo;arriv\u00e9e d&rsquo;un nouveau-n\u00e9 dans le monde. Les pri\u00e8res offertes pendant cette p\u00e9riode visent \u00e0 apporter force, protection, et bien-\u00eatre \u00e0 la m\u00e8re et \u00e0 l&rsquo;enfant \u00e0 na\u00eetre. Elles peuvent inclure des demandes de guidance et de soutien divin pour traverser les d\u00e9fis physiques et \u00e9motionnels de la grossesse, ainsi que des expressions de gratitude pour le miracle de la vie en croissance. Les pri\u00e8res pour les 9 mois de grossesse peuvent rev\u00eatir de nombreuses formes, allant des pri\u00e8res \u00e9crites traditionnelles \u00e0 des moments de m\u00e9ditation et de connexion profonde avec la dimension spirituelle de la maternit\u00e9. Certaines femmes choisissent de r\u00e9citer des pri\u00e8res quotidiennes ou hebdomadaires, tandis que d&rsquo;autres pr\u00e9f\u00e8rent des rituels plus personnels et intuitifs.<\/p>","protected":false},"excerpt":{"rendered":"<p>Les pri\u00e8res pour les 9 mois de grossesse sont des pratiques spirituelles utilis\u00e9es par de nombreuses personnes pour demander la protection et la sant\u00e9 de la m\u00e8re et de l&rsquo;enfant \u00e0 na\u00eetre. Ces pri\u00e8res sont souvent centr\u00e9es sur la gratitude pour le miracle de la vie, la force et la sant\u00e9 de la m\u00e8re, ainsi que la s\u00e9curit\u00e9 et la croissance du b\u00e9b\u00e9. Elles peuvent \u00eatre r\u00e9cit\u00e9es quotidiennement pour apporter tranquillit\u00e9 d&rsquo;esprit et soutien \u00e9motionnel pendant cette p\u00e9riode importante de la vie d&rsquo;une femme enceinte.<\/p>","protected":false},"featured_media":7347,"comment_status":"open","ping_status":"closed","template":"","meta":{"pmpro_default_level":"","_monsterinsights_skip_tracking":false,"_monsterinsights_sitenote_active":false,"_monsterinsights_sitenote_note":"","_monsterinsights_sitenote_category":0},"product_brand":[],"product_cat":[79,123],"product_tag":[169,179,176,177,175,162,178],"class_list":{"0":"post-7346","1":"product","2":"type-product","3":"status-publish","4":"has-post-thumbnail","6":"product_cat-famille-bien-etre","7":"product_cat-religions-spiritualite","8":"product_tag-bebe","9":"product_tag-dieu","10":"product_tag-grossesse","11":"product_tag-meditation","12":"product_tag-priere","13":"product_tag-sante","14":"product_tag-spiritualite","15":"pmpro-has-access","17":"first","18":"instock","19":"sale","20":"downloadable","21":"virtual","22":"taxable","23":"purchasable","24":"product-type-simple"},"jetpack_sharing_enabled":true,"_links":{"self":[{"href":"https:\/\/leon-academy.online\/en\/wp-json\/wp\/v2\/product\/7346","targetHints":{"allow":["GET"]}}],"collection":[{"href":"https:\/\/leon-academy.online\/en\/wp-json\/wp\/v2\/product"}],"about":[{"href":"https:\/\/leon-academy.online\/en\/wp-json\/wp\/v2\/types\/product"}],"replies":[{"embeddable":true,"href":"https:\/\/leon-academy.online\/en\/wp-json\/wp\/v2\/comments?post=7346"}],"wp:featuredmedia":[{"embeddable":true,"href":"https:\/\/leon-academy.online\/en\/wp-json\/wp\/v2\/media\/7347"}],"wp:attachment":[{"href":"https:\/\/leon-academy.online\/en\/wp-json\/wp\/v2\/media?parent=7346"}],"wp:term":[{"taxonomy":"product_brand","embeddable":true,"href":"https:\/\/leon-academy.online\/en\/wp-json\/wp\/v2\/product_brand?post=7346"},{"taxonomy":"product_cat","embeddable":true,"href":"https:\/\/leon-academy.online\/en\/wp-json\/wp\/v2\/product_cat?post=7346"},{"taxonomy":"product_tag","embeddable":true,"href":"https:\/\/leon-academy.online\/en\/wp-json\/wp\/v2\/product_tag?post=7346"}],"curies":[{"name":"wp","href":"https:\/\/api.w.org\/{rel}","templated":true}]}}