{"id":885,"date":"2024-06-07T10:41:52","date_gmt":"2024-06-07T09:41:52","guid":{"rendered":"http:\/\/demo2.woothemes.com\/woocommerce\/?post_type=product&#038;p=19"},"modified":"2024-09-20T16:32:22","modified_gmt":"2024-09-20T14:32:22","slug":"la-meilleure-peau-de-tous-les-temps","status":"publish","type":"product","link":"https:\/\/leon-academy.online\/en\/product\/la-meilleure-peau-de-tous-les-temps\/","title":{"rendered":"La meilleure peau de tous les temps"},"content":{"rendered":"<p>\u00ab\u00a0La meilleure peau de tous les temps\u00a0\u00bb est un ebook r\u00e9volutionnaire qui offre des conseils pratiques et des astuces pour am\u00e9liorer la sant\u00e9 de votre peau. Gr\u00e2ce \u00e0 des recherches approfondies et des recommandations personnalis\u00e9es, cet ouvrage aborde divers sujets tels que l&rsquo;hydratation, le nettoyage, la protection solaire et l&rsquo;alimentation pour obtenir une peau \u00e9clatante et radieuse. Que vous ayez une peau s\u00e8che, grasse, mixte ou sensible, ce livre vous guidera pas \u00e0 pas pour atteindre une peau saine et \u00e9quilibr\u00e9e. Avec des informations pr\u00e9cieuses et des conseils pratiques, \u00ab\u00a0La meilleure peau de tous les temps\u00a0\u00bb est un incontournable pour tous les amateurs de soins de la peau.<\/p>","protected":false},"excerpt":{"rendered":"<p>\u00ab\u00a0La meilleure peau de tous les temps\u00a0\u00bb est un ebook r\u00e9volutionnaire qui offre des conseils pratiques et des astuces pour am\u00e9liorer la sant\u00e9 de votre peau. Gr\u00e2ce \u00e0 des recherches approfondies et des recommandations personnalis\u00e9es, cet ouvrage aborde divers sujets tels que l&rsquo;hydratation, le nettoyage, la protection solaire et l&rsquo;alimentation pour obtenir une peau \u00e9clatante et radieuse. Que vous ayez une peau s\u00e8che, grasse, mixte ou sensible, ce livre vous guidera pas \u00e0 pas pour atteindre une peau saine et \u00e9quilibr\u00e9e. Avec des informations pr\u00e9cieuses et des conseils pratiques, \u00ab\u00a0La meilleure peau de tous les temps\u00a0\u00bb est un incontournable pour tous les amateurs de soins de la peau.<\/p>","protected":false},"featured_media":7238,"comment_status":"open","ping_status":"closed","template":"","meta":{"pmpro_default_level":"","_monsterinsights_skip_tracking":false,"_monsterinsights_sitenote_active":false,"_monsterinsights_sitenote_note":"","_monsterinsights_sitenote_category":0},"product_brand":[],"product_cat":[79,164],"product_tag":[158,161,153,150,162,159],"class_list":{"0":"post-885","1":"product","2":"type-product","3":"status-publish","4":"has-post-thumbnail","6":"product_cat-famille-bien-etre","7":"product_cat-mode-beaute","8":"product_tag-astuces","9":"product_tag-belle-peau","10":"product_tag-bien-etre","11":"product_tag-recette","12":"product_tag-sante","13":"product_tag-soin-de-la-peau","14":"pmpro-has-access","16":"first","17":"instock","18":"sale","19":"downloadable","20":"virtual","21":"taxable","22":"purchasable","23":"product-type-simple"},"jetpack_sharing_enabled":true,"_links":{"self":[{"href":"https:\/\/leon-academy.online\/en\/wp-json\/wp\/v2\/product\/885","targetHints":{"allow":["GET"]}}],"collection":[{"href":"https:\/\/leon-academy.online\/en\/wp-json\/wp\/v2\/product"}],"about":[{"href":"https:\/\/leon-academy.online\/en\/wp-json\/wp\/v2\/types\/product"}],"replies":[{"embeddable":true,"href":"https:\/\/leon-academy.online\/en\/wp-json\/wp\/v2\/comments?post=885"}],"wp:featuredmedia":[{"embeddable":true,"href":"https:\/\/leon-academy.online\/en\/wp-json\/wp\/v2\/media\/7238"}],"wp:attachment":[{"href":"https:\/\/leon-academy.online\/en\/wp-json\/wp\/v2\/media?parent=885"}],"wp:term":[{"taxonomy":"product_brand","embeddable":true,"href":"https:\/\/leon-academy.online\/en\/wp-json\/wp\/v2\/product_brand?post=885"},{"taxonomy":"product_cat","embeddable":true,"href":"https:\/\/leon-academy.online\/en\/wp-json\/wp\/v2\/product_cat?post=885"},{"taxonomy":"product_tag","embeddable":true,"href":"https:\/\/leon-academy.online\/en\/wp-json\/wp\/v2\/product_tag?post=885"}],"curies":[{"name":"wp","href":"https:\/\/api.w.org\/{rel}","templated":true}]}}