{"id":892,"date":"2024-06-07T11:05:37","date_gmt":"2024-06-07T10:05:37","guid":{"rendered":"http:\/\/demo2.woothemes.com\/woocommerce\/?post_type=product&#038;p=53"},"modified":"2024-09-20T16:24:45","modified_gmt":"2024-09-20T14:24:45","slug":"bonbons-sans-sucre","status":"publish","type":"product","link":"https:\/\/leon-academy.online\/en\/product\/bonbons-sans-sucre\/","title":{"rendered":"Bonbons sans sucre"},"content":{"rendered":"<p>\u00ab\u00a0Bonbons sans sucre\u00a0\u00bb est un ebook innovant qui propose une d\u00e9licieuse s\u00e9lection de recettes de confiseries sans sucre ajout\u00e9. Parfait pour les amateurs de sucreries soucieux de leur sant\u00e9, cet ouvrage propose des alternatives saines et savoureuses pour satisfaire les envies de douceurs sans compromettre l&rsquo;\u00e9quilibre nutritionnel. Du classique oursons g\u00e9lifi\u00e9s aux exotiques truffes au chocolat en passant par les acidul\u00e9es guimauves maison, vous trouverez des recettes astucieuses et faciles \u00e0 r\u00e9aliser pour r\u00e9galer vos papilles. Avec \u00ab\u00a0Bonbons sans sucre\u00a0\u00bb, profitez du plaisir des sucreries sans culpabilit\u00e9 !<\/p>","protected":false},"excerpt":{"rendered":"<p>\u00ab\u00a0Bonbons sans sucre\u00a0\u00bb est un ebook innovant qui propose une d\u00e9licieuse s\u00e9lection de recettes de confiseries sans sucre ajout\u00e9. Parfait pour les amateurs de sucreries soucieux de leur sant\u00e9, cet ouvrage propose des alternatives saines et savoureuses pour satisfaire les envies de douceurs sans compromettre l&rsquo;\u00e9quilibre nutritionnel.<\/p>","protected":false},"featured_media":7226,"comment_status":"open","ping_status":"closed","template":"","meta":{"pmpro_default_level":"","_monsterinsights_skip_tracking":false,"_monsterinsights_sitenote_active":false,"_monsterinsights_sitenote_note":"","_monsterinsights_sitenote_category":0},"product_brand":[],"product_cat":[15,62],"product_tag":[142,150,156],"class_list":{"0":"post-892","1":"product","2":"type-product","3":"status-publish","4":"has-post-thumbnail","6":"product_cat-cuisines-recettes","7":"product_cat-sante-forme-dietetique","8":"product_tag-cuisine","9":"product_tag-recette","10":"product_tag-sans-sucre","11":"pmpro-has-access","13":"first","14":"instock","15":"sale","16":"downloadable","17":"virtual","18":"taxable","19":"purchasable","20":"product-type-simple"},"jetpack_sharing_enabled":true,"_links":{"self":[{"href":"https:\/\/leon-academy.online\/en\/wp-json\/wp\/v2\/product\/892","targetHints":{"allow":["GET"]}}],"collection":[{"href":"https:\/\/leon-academy.online\/en\/wp-json\/wp\/v2\/product"}],"about":[{"href":"https:\/\/leon-academy.online\/en\/wp-json\/wp\/v2\/types\/product"}],"replies":[{"embeddable":true,"href":"https:\/\/leon-academy.online\/en\/wp-json\/wp\/v2\/comments?post=892"}],"wp:featuredmedia":[{"embeddable":true,"href":"https:\/\/leon-academy.online\/en\/wp-json\/wp\/v2\/media\/7226"}],"wp:attachment":[{"href":"https:\/\/leon-academy.online\/en\/wp-json\/wp\/v2\/media?parent=892"}],"wp:term":[{"taxonomy":"product_brand","embeddable":true,"href":"https:\/\/leon-academy.online\/en\/wp-json\/wp\/v2\/product_brand?post=892"},{"taxonomy":"product_cat","embeddable":true,"href":"https:\/\/leon-academy.online\/en\/wp-json\/wp\/v2\/product_cat?post=892"},{"taxonomy":"product_tag","embeddable":true,"href":"https:\/\/leon-academy.online\/en\/wp-json\/wp\/v2\/product_tag?post=892"}],"curies":[{"name":"wp","href":"https:\/\/api.w.org\/{rel}","templated":true}]}}