{"id":901,"date":"2024-06-07T11:34:14","date_gmt":"2024-06-07T10:34:14","guid":{"rendered":"http:\/\/demo2.woothemes.com\/woocommerce\/?post_type=product&#038;p=87"},"modified":"2025-09-17T07:46:00","modified_gmt":"2025-09-17T05:46:00","slug":"250-recettes-pour-le-corps-et-le-bain","status":"publish","type":"product","link":"https:\/\/leon-academy.online\/en\/product\/250-recettes-pour-le-corps-et-le-bain\/","title":{"rendered":"250 Recettes pour le corps et le bain Partie 1"},"content":{"rendered":"<p>\u00ab\u00a0250 recettes pour le bain et pour le corps\u00a0\u00bb est une source inestimable d&rsquo;inspiration pour des soins corporels luxueux et naturels. Avec une vari\u00e9t\u00e9 de recettes pour des sels de bain apaisants, des gommages exfoliants, des masques hydratants et bien plus encore, cet ebook vous guidera \u00e0 travers un voyage de bien-\u00eatre et de beaut\u00e9 in\u00e9gal\u00e9. Que vous recherchiez des soins relaxants apr\u00e8s une longue journ\u00e9e ou des traitements revitalisants pour prendre soin de votre peau, ce livre regorge de formules simples et efficaces pour vous dorloter de la t\u00eate aux pieds. Une lecture essentielle pour les amateurs de soins corporels fait maison.<\/p>","protected":false},"excerpt":{"rendered":"<p>\u00ab\u00a0250 recettes pour le bain et pour le corps\u00a0\u00bb est une source inestimable d&rsquo;inspiration pour des soins corporels luxueux et naturels. Avec une vari\u00e9t\u00e9 de recettes pour des sels de bain apaisants, des gommages exfoliants, des masques hydratants et bien plus encore, cet ebook vous guidera \u00e0 travers un voyage de bien-\u00eatre et de beaut\u00e9 in\u00e9gal\u00e9.<\/p>","protected":false},"featured_media":7211,"comment_status":"open","ping_status":"closed","template":"","meta":{"pmpro_default_level":"","_monsterinsights_skip_tracking":false,"_monsterinsights_sitenote_active":false,"_monsterinsights_sitenote_note":"","_monsterinsights_sitenote_category":0},"product_brand":[],"product_cat":[79],"product_tag":[144,147,146,145,149,148,143],"class_list":{"0":"post-901","1":"product","2":"type-product","3":"status-publish","4":"has-post-thumbnail","6":"product_cat-famille-bien-etre","7":"product_tag-astuces-beaute","8":"product_tag-bain","9":"product_tag-cheveux","10":"product_tag-corps","11":"product_tag-entretien-corps","12":"product_tag-mains","13":"product_tag-soin-du-visage","14":"pmpro-has-access","16":"first","17":"instock","18":"sale","19":"downloadable","20":"virtual","21":"taxable","22":"purchasable","23":"product-type-simple"},"jetpack_sharing_enabled":true,"_links":{"self":[{"href":"https:\/\/leon-academy.online\/en\/wp-json\/wp\/v2\/product\/901","targetHints":{"allow":["GET"]}}],"collection":[{"href":"https:\/\/leon-academy.online\/en\/wp-json\/wp\/v2\/product"}],"about":[{"href":"https:\/\/leon-academy.online\/en\/wp-json\/wp\/v2\/types\/product"}],"replies":[{"embeddable":true,"href":"https:\/\/leon-academy.online\/en\/wp-json\/wp\/v2\/comments?post=901"}],"wp:featuredmedia":[{"embeddable":true,"href":"https:\/\/leon-academy.online\/en\/wp-json\/wp\/v2\/media\/7211"}],"wp:attachment":[{"href":"https:\/\/leon-academy.online\/en\/wp-json\/wp\/v2\/media?parent=901"}],"wp:term":[{"taxonomy":"product_brand","embeddable":true,"href":"https:\/\/leon-academy.online\/en\/wp-json\/wp\/v2\/product_brand?post=901"},{"taxonomy":"product_cat","embeddable":true,"href":"https:\/\/leon-academy.online\/en\/wp-json\/wp\/v2\/product_cat?post=901"},{"taxonomy":"product_tag","embeddable":true,"href":"https:\/\/leon-academy.online\/en\/wp-json\/wp\/v2\/product_tag?post=901"}],"curies":[{"name":"wp","href":"https:\/\/api.w.org\/{rel}","templated":true}]}}