{"id":902,"date":"2024-06-07T11:35:18","date_gmt":"2024-06-07T10:35:18","guid":{"rendered":"http:\/\/demo2.woothemes.com\/woocommerce\/?post_type=product&#038;p=90"},"modified":"2025-11-20T09:29:25","modified_gmt":"2025-11-20T07:29:25","slug":"111-recettes-doeufs","status":"publish","type":"product","link":"https:\/\/leon-academy.online\/en\/product\/111-recettes-doeufs\/","title":{"rendered":"111 Recettes d&rsquo;\u0153ufs"},"content":{"rendered":"<p>\u00ab\u00a0111 recettes d&rsquo;\u0153ufs\u00a0\u00bb est un ebook de cuisine incontournable qui propose une multitude de d\u00e9licieuses fa\u00e7ons de cuisiner les \u0153ufs. Des recettes simples et rapides aux plats plus \u00e9labor\u00e9s, cet ebook regorge d&rsquo;id\u00e9es cr\u00e9atives pour mettre en valeur cet ingr\u00e9dient polyvalent. Que vous soyez un amateur de cuisine ou un chef exp\u00e9riment\u00e9, vous trouverez certainement votre bonheur parmi les recettes vari\u00e9es et savoureuses pr\u00e9sent\u00e9es dans cet ouvrage. Que vous pr\u00e9f\u00e9riez les \u0153ufs brouill\u00e9s, poch\u00e9s, frits ou en omelette, ce livre vous permettra de d\u00e9couvrir de nouvelles fa\u00e7ons de les appr\u00e9cier. Un indispensable pour tous les amoureux de la gastronomie!<\/p>","protected":false},"excerpt":{"rendered":"<p>\u00ab\u00a0111 recettes d&rsquo;\u0153ufs\u00a0\u00bb est un ebook de cuisine incontournable qui propose une multitude de d\u00e9licieuses fa\u00e7ons de cuisiner les \u0153ufs. Des recettes simples et rapides aux plats plus \u00e9labor\u00e9s, cet ebook regorge d&rsquo;id\u00e9es cr\u00e9atives pour mettre en valeur cet ingr\u00e9dient polyvalent.<\/p>","protected":false},"featured_media":7209,"comment_status":"open","ping_status":"closed","template":"","meta":{"pmpro_default_level":"","_monsterinsights_skip_tracking":false,"_monsterinsights_sitenote_active":false,"_monsterinsights_sitenote_note":"","_monsterinsights_sitenote_category":0},"product_brand":[],"product_cat":[15],"product_tag":[142,140,141],"class_list":{"0":"post-902","1":"product","2":"type-product","3":"status-publish","4":"has-post-thumbnail","6":"product_cat-cuisines-recettes","7":"product_tag-cuisine","8":"product_tag-oeufs","9":"product_tag-recettes","10":"pmpro-has-access","12":"first","13":"instock","14":"sale","15":"downloadable","16":"virtual","17":"taxable","18":"purchasable","19":"product-type-simple"},"jetpack_sharing_enabled":true,"_links":{"self":[{"href":"https:\/\/leon-academy.online\/en\/wp-json\/wp\/v2\/product\/902","targetHints":{"allow":["GET"]}}],"collection":[{"href":"https:\/\/leon-academy.online\/en\/wp-json\/wp\/v2\/product"}],"about":[{"href":"https:\/\/leon-academy.online\/en\/wp-json\/wp\/v2\/types\/product"}],"replies":[{"embeddable":true,"href":"https:\/\/leon-academy.online\/en\/wp-json\/wp\/v2\/comments?post=902"}],"wp:featuredmedia":[{"embeddable":true,"href":"https:\/\/leon-academy.online\/en\/wp-json\/wp\/v2\/media\/7209"}],"wp:attachment":[{"href":"https:\/\/leon-academy.online\/en\/wp-json\/wp\/v2\/media?parent=902"}],"wp:term":[{"taxonomy":"product_brand","embeddable":true,"href":"https:\/\/leon-academy.online\/en\/wp-json\/wp\/v2\/product_brand?post=902"},{"taxonomy":"product_cat","embeddable":true,"href":"https:\/\/leon-academy.online\/en\/wp-json\/wp\/v2\/product_cat?post=902"},{"taxonomy":"product_tag","embeddable":true,"href":"https:\/\/leon-academy.online\/en\/wp-json\/wp\/v2\/product_tag?post=902"}],"curies":[{"name":"wp","href":"https:\/\/api.w.org\/{rel}","templated":true}]}}