{"id":903,"date":"2024-06-07T11:36:34","date_gmt":"2024-06-07T10:36:34","guid":{"rendered":"http:\/\/demo2.woothemes.com\/woocommerce\/?post_type=product&#038;p=93"},"modified":"2025-12-18T02:36:24","modified_gmt":"2025-12-18T00:36:24","slug":"100-conseils-pour-un-premier-rendez-vous","status":"publish","type":"product","link":"https:\/\/leon-academy.online\/en\/product\/100-conseils-pour-un-premier-rendez-vous\/","title":{"rendered":"100 Conseils pour un premier rendez-vous"},"content":{"rendered":"<p>Vous pr\u00e9parez un premier rendez-vous et vous souhaitez \u00eatre au top pour faire bonne impression? Ne vous inqui\u00e9tez pas, cet ebook est l\u00e0 pour vous guider \u00e0 travers 100 conseils pratiques et efficaces. De la tenue vestimentaire \u00e0 adopter au choix du restaurant parfait en passant par des conseils de communication non verbale, vous trouverez tout ce dont vous avez besoin pour r\u00e9ussir ce moment crucial. Que vous soyez un d\u00e9butant en mati\u00e8re de rendez-vous amoureux ou que vous souhaitiez simplement am\u00e9liorer vos comp\u00e9tences, ces conseils vous aideront \u00e0 briller et \u00e0 conqu\u00e9rir le c\u0153ur de votre rendez-vous.<\/p>","protected":false},"excerpt":{"rendered":"<p>Vous pr\u00e9parez un premier rendez-vous et vous souhaitez \u00eatre au top pour faire bonne impression? Ne vous inqui\u00e9tez pas, cet ebook est l\u00e0 pour vous guider \u00e0 travers 100 conseils pratiques et efficaces. De la tenue vestimentaire \u00e0 adopter au choix du restaurant parfait en passant par des conseils de communication non verbale, vous trouverez tout ce dont vous avez besoin pour r\u00e9ussir ce moment crucial. Que vous soyez un d\u00e9butant en mati\u00e8re de rendez-vous amoureux ou que vous souhaitiez simplement am\u00e9liorer vos comp\u00e9tences, ces conseils vous aideront \u00e0 briller et \u00e0 conqu\u00e9rir le c\u0153ur de votre rendez-vous.<\/p>","protected":false},"featured_media":7205,"comment_status":"open","ping_status":"closed","template":"","meta":{"pmpro_default_level":"","_monsterinsights_skip_tracking":false,"_monsterinsights_sitenote_active":false,"_monsterinsights_sitenote_note":"","_monsterinsights_sitenote_category":0},"product_brand":[],"product_cat":[124],"product_tag":[135,138,139,137,136],"class_list":{"0":"post-903","1":"product","2":"type-product","3":"status-publish","4":"has-post-thumbnail","6":"product_cat-amour-relation","7":"product_tag-amour","8":"product_tag-couple","9":"product_tag-premier","10":"product_tag-relation","11":"product_tag-rendez-vous","12":"pmpro-has-access","14":"first","15":"instock","16":"sale","17":"downloadable","18":"virtual","19":"taxable","20":"purchasable","21":"product-type-simple"},"jetpack_sharing_enabled":true,"_links":{"self":[{"href":"https:\/\/leon-academy.online\/en\/wp-json\/wp\/v2\/product\/903","targetHints":{"allow":["GET"]}}],"collection":[{"href":"https:\/\/leon-academy.online\/en\/wp-json\/wp\/v2\/product"}],"about":[{"href":"https:\/\/leon-academy.online\/en\/wp-json\/wp\/v2\/types\/product"}],"replies":[{"embeddable":true,"href":"https:\/\/leon-academy.online\/en\/wp-json\/wp\/v2\/comments?post=903"}],"wp:featuredmedia":[{"embeddable":true,"href":"https:\/\/leon-academy.online\/en\/wp-json\/wp\/v2\/media\/7205"}],"wp:attachment":[{"href":"https:\/\/leon-academy.online\/en\/wp-json\/wp\/v2\/media?parent=903"}],"wp:term":[{"taxonomy":"product_brand","embeddable":true,"href":"https:\/\/leon-academy.online\/en\/wp-json\/wp\/v2\/product_brand?post=903"},{"taxonomy":"product_cat","embeddable":true,"href":"https:\/\/leon-academy.online\/en\/wp-json\/wp\/v2\/product_cat?post=903"},{"taxonomy":"product_tag","embeddable":true,"href":"https:\/\/leon-academy.online\/en\/wp-json\/wp\/v2\/product_tag?post=903"}],"curies":[{"name":"wp","href":"https:\/\/api.w.org\/{rel}","templated":true}]}}