{"id":905,"date":"2024-06-07T11:38:12","date_gmt":"2024-06-07T10:38:12","guid":{"rendered":"http:\/\/demo2.woothemes.com\/woocommerce\/?post_type=product&#038;p=99"},"modified":"2024-09-20T16:11:06","modified_gmt":"2024-09-20T14:11:06","slug":"woo-single-2","status":"publish","type":"product","link":"https:\/\/leon-academy.online\/en\/product\/woo-single-2\/","title":{"rendered":"Les secrets de l&rsquo;anti-\u00e2ge"},"content":{"rendered":"<p>\u00ab\u00a0Le secret de l&rsquo;anti-\u00e2ge\u00a0\u00bb est un guide complet qui explore les m\u00e9thodes naturelles et scientifiquement prouv\u00e9es pour ralentir le processus de vieillissement. De la nutrition \u00e0 la routine de soins de la peau, en passant par l&rsquo;exercice et les techniques de relaxation, cet ebook propose des conseils pratiques et efficaces pour maintenir une apparence jeune et une sant\u00e9 optimale. En s&rsquo;appuyant sur des recherches actuelles et des t\u00e9moignages inspirants, cet ouvrage offre une approche holistique de la beaut\u00e9 int\u00e9rieure et ext\u00e9rieure. D\u00e9couvrez les secrets pour retrouver un \u00e9clat de jeunesse et rayonner de vitalit\u00e9!<\/p>","protected":false},"excerpt":{"rendered":"<p>\u00ab\u00a0Le secret de l&rsquo;anti-\u00e2ge\u00a0\u00bb est un guide complet qui explore les m\u00e9thodes naturelles et scientifiquement prouv\u00e9es pour ralentir le processus de vieillissement. De la nutrition \u00e0 la routine de soins de la peau, en passant par l&rsquo;exercice et les techniques de relaxation, cet ebook propose des conseils pratiques et efficaces pour maintenir une apparence jeune et une sant\u00e9 optimale.<\/p>","protected":false},"featured_media":7216,"comment_status":"open","ping_status":"closed","template":"","meta":{"pmpro_default_level":"","_monsterinsights_skip_tracking":false,"_monsterinsights_sitenote_active":false,"_monsterinsights_sitenote_note":"","_monsterinsights_sitenote_category":0},"product_brand":[],"product_cat":[62],"product_tag":[131,133,132,134],"class_list":{"0":"post-905","1":"product","2":"type-product","3":"status-publish","4":"has-post-thumbnail","6":"product_cat-sante-forme-dietetique","7":"product_tag-anti-age","8":"product_tag-beaute","9":"product_tag-secrets","10":"product_tag-soins-du-corps","11":"pmpro-has-access","13":"first","14":"instock","15":"sale","16":"downloadable","17":"virtual","18":"taxable","19":"purchasable","20":"product-type-simple"},"jetpack_sharing_enabled":true,"_links":{"self":[{"href":"https:\/\/leon-academy.online\/en\/wp-json\/wp\/v2\/product\/905","targetHints":{"allow":["GET"]}}],"collection":[{"href":"https:\/\/leon-academy.online\/en\/wp-json\/wp\/v2\/product"}],"about":[{"href":"https:\/\/leon-academy.online\/en\/wp-json\/wp\/v2\/types\/product"}],"replies":[{"embeddable":true,"href":"https:\/\/leon-academy.online\/en\/wp-json\/wp\/v2\/comments?post=905"}],"wp:featuredmedia":[{"embeddable":true,"href":"https:\/\/leon-academy.online\/en\/wp-json\/wp\/v2\/media\/7216"}],"wp:attachment":[{"href":"https:\/\/leon-academy.online\/en\/wp-json\/wp\/v2\/media?parent=905"}],"wp:term":[{"taxonomy":"product_brand","embeddable":true,"href":"https:\/\/leon-academy.online\/en\/wp-json\/wp\/v2\/product_brand?post=905"},{"taxonomy":"product_cat","embeddable":true,"href":"https:\/\/leon-academy.online\/en\/wp-json\/wp\/v2\/product_cat?post=905"},{"taxonomy":"product_tag","embeddable":true,"href":"https:\/\/leon-academy.online\/en\/wp-json\/wp\/v2\/product_tag?post=905"}],"curies":[{"name":"wp","href":"https:\/\/api.w.org\/{rel}","templated":true}]}}